{"id":1171,"date":"2017-06-21T23:32:22","date_gmt":"2017-06-21T23:32:22","guid":{"rendered":"https:\/\/www.bosal.rs\/rs\/?page_id=1171"},"modified":"2024-12-27T16:13:07","modified_gmt":"2024-12-27T15:13:07","slug":"o-nama","status":"publish","type":"page","link":"https:\/\/www.bosal.rs\/rs\/o-nama\/","title":{"rendered":"O nama"},"content":{"rendered":"\n<style type=\"text\/css\" data-created_by=\"avia_inline_auto\" id=\"style-css-av-1538zdv-b41149e1ff4cafe6b57992e6c6e4bfff\">\n.avia-section.av-1538zdv-b41149e1ff4cafe6b57992e6c6e4bfff{\nbackground-repeat:no-repeat;\nbackground-image:url(https:\/\/www.bosal.rs\/rs\/wp-content\/uploads\/2017\/01\/top-baner-unutrasnje.jpg);\nbackground-position:50% 50%;\nbackground-attachment:scroll;\n}\n.avia-section.av-1538zdv-b41149e1ff4cafe6b57992e6c6e4bfff .av-section-color-overlay{\nopacity:0.4;\nbackground-color:#0a0a0a;\n}\n<\/style>\n<div id='av_section_1'  class='avia-section av-1538zdv-b41149e1ff4cafe6b57992e6c6e4bfff main_color avia-section-default avia-no-border-styling  avia-builder-el-0  el_before_av_one_half  avia-builder-el-first  avia-full-stretch avia-bg-style-scroll av-section-color-overlay-active av-minimum-height av-minimum-height-25  container_wrap sidebar_right'  data-section-bg-repeat='stretch' data-av_minimum_height_pc='25'><div class=\"av-section-color-overlay-wrap\"><div class=\"av-section-color-overlay\"><\/div><div class='container av-section-cont-open' ><main  role=\"main\" itemprop=\"mainContentOfPage\"  class='template-page content  av-content-small alpha units'><div class='post-entry post-entry-type-page post-entry-1171'><div class='entry-content-wrapper clearfix'>\n\n<style type=\"text\/css\" data-created_by=\"avia_inline_auto\" id=\"style-css-av-3y4mfn-6a37ff1167819a4b5bcba5e3f0521964\">\n.flex_column.av-3y4mfn-6a37ff1167819a4b5bcba5e3f0521964{\n-webkit-border-radius:0px 0px 0px 0px;\n-moz-border-radius:0px 0px 0px 0px;\nborder-radius:0px 0px 0px 0px;\npadding:0px 0px 0px 0px;\n}\n<\/style>\n<div class='flex_column av-3y4mfn-6a37ff1167819a4b5bcba5e3f0521964 av_one_half  avia-builder-el-1  avia-builder-el-no-sibling  first flex_column_div av-zero-column-padding '     ><style type=\"text\/css\" data-created_by=\"avia_inline_auto\" id=\"style-css-av-11dqyer-7472623d24f8f43f3d325c87962a6262\">\n#top .av-special-heading.av-11dqyer-7472623d24f8f43f3d325c87962a6262{\npadding-bottom:10px;\ncolor:#ffffff;\nfont-size:35px;\n}\nbody .av-special-heading.av-11dqyer-7472623d24f8f43f3d325c87962a6262 .av-special-heading-tag .heading-char{\nfont-size:25px;\n}\n#top #wrap_all .av-special-heading.av-11dqyer-7472623d24f8f43f3d325c87962a6262 .av-special-heading-tag{\nfont-size:35px;\n}\n.av-special-heading.av-11dqyer-7472623d24f8f43f3d325c87962a6262 .special-heading-inner-border{\nborder-color:#ffffff;\n}\n.av-special-heading.av-11dqyer-7472623d24f8f43f3d325c87962a6262 .av-subheading{\nfont-size:15px;\n}\n\n@media only screen and (min-width: 480px) and (max-width: 767px){ \n#top #wrap_all .av-special-heading.av-11dqyer-7472623d24f8f43f3d325c87962a6262 .av-special-heading-tag{\nfont-size:0.8em;\n}\n}\n\n@media only screen and (max-width: 479px){ \n#top #wrap_all .av-special-heading.av-11dqyer-7472623d24f8f43f3d325c87962a6262 .av-special-heading-tag{\nfont-size:0.8em;\n}\n}\n<\/style>\n<div  class='av-special-heading av-11dqyer-7472623d24f8f43f3d325c87962a6262 av-special-heading-h2 custom-color-heading blockquote modern-quote  avia-builder-el-2  avia-builder-el-no-sibling  av-inherit-size'><h2 class='av-special-heading-tag'  itemprop=\"headline\"  >O nama<\/h2><div class=\"special-heading-border\"><div class=\"special-heading-inner-border\"><\/div><\/div><\/div><\/div>\n<\/div><\/div><\/main><!-- close content main element --><\/div><\/div><\/div><div id='after_section_1'  class='main_color av_default_container_wrap container_wrap sidebar_right'  ><div class='container av-section-cont-open' ><div class='template-page content  av-content-small alpha units'><div class='post-entry post-entry-type-page post-entry-1171'><div class='entry-content-wrapper clearfix'>\n\n<style type=\"text\/css\" data-created_by=\"avia_inline_auto\" id=\"style-css-av-zmn803-b389e72c288f5aa6d6ff23568a35d272\">\n.flex_column.av-zmn803-b389e72c288f5aa6d6ff23568a35d272{\n-webkit-border-radius:0px 0px 0px 0px;\n-moz-border-radius:0px 0px 0px 0px;\nborder-radius:0px 0px 0px 0px;\npadding:0px 0px 0px 0px;\n}\n<\/style>\n<div class='flex_column av-zmn803-b389e72c288f5aa6d6ff23568a35d272 av_one_half  avia-builder-el-3  el_after_av_section  el_before_av_one_half  avia-builder-el-first  first flex_column_div av-zero-column-padding '     ><section  class='av_textblock_section av-xgq0cj-a4095fba9cb4774e5e5f91e9435c3292'  itemscope=\"itemscope\" itemtype=\"https:\/\/schema.org\/CreativeWork\" ><div class='avia_textblock'  itemprop=\"text\" ><p>Kompanija BOSAL osnovana je 2000. godine u Beogradu i posle 20 godina rada od male porodi\u010dne proizvodnje sa 5 radnika prerasla je u modernu fabriku sigurnosnih i sobnih vrata, aluminijumske i PVC stolarije proizvodnog kapaciteta od <strong>10.000 vrata godi\u0161nje sa preko 250 zaposlenih<\/strong> i postala veoma priznat brend u regionu.<\/p>\n<p>Osnovni i najprepoznatljiviji proizvod Bosala su atestirana sigurnosna vrata \u010diji je visoki IV nivo protivprovalne za\u0161tite u skladu sa va\u017ee\u0107om normom EU-ENV 1627 sertifikovao HolzForschung institut za standarde u Austriji. Uz IV nivo protivprovalnosti kako za jednokrilna tako i za dvokrilna sigurnosna vrata u ponudi imamo i sigurnosna vrata WK4 sa atestom protivpo\u017earne otpornosti \u00d6norm El1 30 i El2 30, kojima opremamo novoizgra\u0111ene stambene objekte u Austriji.<\/p>\n<p>Sigurnosna vrata \u010dine oko 50% na\u0161eg ukupnog plasmana dok ostatak \u010dine kvalitetna enterijerska vrata, aluminijumski i PVC prozori proizvedeni od renomiranih profila (Sch\u00fcco, Alumil, Rehau, Feal itd), protivpo\u017earna kao i balisti\u010dka vrata za rezidencije i diplomatska predstavni\u0161tva.<\/p>\n<p><strong>Svi na\u0161i proizvodi rade se po meri i \u017eelji klijenta uz veliki izbor dezena i opreme<\/strong>, u ponudi imamo re\u0161enja za gotovo svaki enterijer \u2013 rusti\u010dni, moderan ili minimalisti\u010dki dizajn.<\/p>\n<p>Prisutni smo na tr\u017ei\u0161tu EU preko na\u0161ih ovla\u0161\u0107enih distributera u Be\u010du, kao i na tr\u017ei\u0161tu Kanade sa poslovnim partnerima iz Montreala. Tradicionalno izla\u017eemo na\u0161e proizvode na sajmu \u201eMontreal Homeshow\u201c svake godine u martu, dok u februaru izla\u017eemo na sajmu name\u0161taja u Be\u010du. <strong>Od 2016.god nastupamo i na sajmovima u Austriji<\/strong>.<\/p>\n<p>Uz maloprodaju kompanija ve\u0107 15 godina izvodi radove na gra\u0111evinskim projektima kao izvo\u0111a\u010d za investitora i kao podizvo\u0111a\u010d. <strong>U Srbiji, Crnog Gori i Kanadi je uspe\u0161no zavr\u0161eno preko 100 gra\u0111evinskih projekata veli\u010dine od 10 do 400 stambenih jedinica<\/strong>, kompletno opremljenih na\u0161im sigurnosnim i enterijerskim vratima, za\u0161ti\u0107enim na\u0161im protivpo\u017earnim vratima, kao i ve\u0107i broj rezidencija i vila opremljenih na\u0161im unikatnim \u2013 ekskluzivnim vratima.<\/p>\n<h3>Napravi\u0107emo vrata samo za Vas!<\/h3>\n<\/div><\/section><\/div>\n<style type=\"text\/css\" data-created_by=\"avia_inline_auto\" id=\"style-css-av-36strn-3e758589638b397860c697599adba382\">\n.flex_column.av-36strn-3e758589638b397860c697599adba382{\n-webkit-border-radius:0px 0px 0px 0px;\n-moz-border-radius:0px 0px 0px 0px;\nborder-radius:0px 0px 0px 0px;\npadding:0px 0px 0px 0px;\n}\n<\/style>\n<div class='flex_column av-36strn-3e758589638b397860c697599adba382 av_one_half  avia-builder-el-5  el_after_av_one_half  el_before_av_section  avia-builder-el-last  flex_column_div av-zero-column-padding '     ><p>\n<style type=\"text\/css\" data-created_by=\"avia_inline_auto\" id=\"style-css-av-u3vver-5f7da93e4ec7150edcb939d92299b6c8\">\n#top .hr.hr-invisible.av-u3vver-5f7da93e4ec7150edcb939d92299b6c8{\nheight:5px;\n}\n<\/style>\n<div  class='hr av-u3vver-5f7da93e4ec7150edcb939d92299b6c8 hr-invisible  avia-builder-el-6  el_before_av_image  avia-builder-el-first '><span class='hr-inner '><span class=\"hr-inner-style\"><\/span><\/span><\/div><br \/>\n\n<style type=\"text\/css\" data-created_by=\"avia_inline_auto\" id=\"style-css-av-tbwxer-cae87ef03fa79a4a9eb364a4ef92664b\">\n.avia-image-container.av-tbwxer-cae87ef03fa79a4a9eb364a4ef92664b img.avia_image{\nbox-shadow:none;\n}\n.avia-image-container.av-tbwxer-cae87ef03fa79a4a9eb364a4ef92664b .av-image-caption-overlay-center{\ncolor:#ffffff;\n}\n<\/style>\n<div  class='avia-image-container av-tbwxer-cae87ef03fa79a4a9eb364a4ef92664b av-styling- avia-align-center  avia-builder-el-7  el_after_av_hr  el_before_av_hr '   itemprop=\"image\" itemscope=\"itemscope\" itemtype=\"https:\/\/schema.org\/ImageObject\" ><div class=\"avia-image-container-inner\"><div class=\"avia-image-overlay-wrap\"><img class='wp-image-1172 avia-img-lazy-loading-not-1172 avia_image ' src=\"https:\/\/www.bosal.rs\/rs\/wp-content\/uploads\/2017\/06\/izlozbeni-salon-2017.jpg\" alt='' title=''  height=\"533\" width=\"800\"  itemprop=\"thumbnailUrl\" srcset=\"https:\/\/www.bosal.rs\/rs\/wp-content\/uploads\/2017\/06\/izlozbeni-salon-2017.jpg 800w, https:\/\/www.bosal.rs\/rs\/wp-content\/uploads\/2017\/06\/izlozbeni-salon-2017-300x200.jpg 300w, https:\/\/www.bosal.rs\/rs\/wp-content\/uploads\/2017\/06\/izlozbeni-salon-2017-768x512.jpg 768w, https:\/\/www.bosal.rs\/rs\/wp-content\/uploads\/2017\/06\/izlozbeni-salon-2017-705x470.jpg 705w, https:\/\/www.bosal.rs\/rs\/wp-content\/uploads\/2017\/06\/izlozbeni-salon-2017-450x300.jpg 450w\" sizes=\"(max-width: 800px) 100vw, 800px\" \/><\/div><\/div><\/div><br \/>\n\n<style type=\"text\/css\" data-created_by=\"avia_inline_auto\" id=\"style-css-av-2nx66b-50736dc2c514e306381c6cd253261250\">\n#top .hr.hr-invisible.av-2nx66b-50736dc2c514e306381c6cd253261250{\nheight:25px;\n}\n<\/style>\n<div  class='hr av-2nx66b-50736dc2c514e306381c6cd253261250 hr-invisible  avia-builder-el-8  el_after_av_image  el_before_av_image '><span class='hr-inner '><span class=\"hr-inner-style\"><\/span><\/span><\/div><br \/>\n\n<style type=\"text\/css\" data-created_by=\"avia_inline_auto\" id=\"style-css-av-pgzfeb-a4dd4488e344931bb2408741debf2af0\">\n.avia-image-container.av-pgzfeb-a4dd4488e344931bb2408741debf2af0 img.avia_image{\nbox-shadow:none;\n}\n.avia-image-container.av-pgzfeb-a4dd4488e344931bb2408741debf2af0 .av-image-caption-overlay-center{\ncolor:#ffffff;\n}\n<\/style>\n<div  class='avia-image-container av-pgzfeb-a4dd4488e344931bb2408741debf2af0 av-styling- avia-align-center  avia-builder-el-9  el_after_av_hr  avia-builder-el-last '   itemprop=\"image\" itemscope=\"itemscope\" itemtype=\"https:\/\/schema.org\/ImageObject\" ><div class=\"avia-image-container-inner\"><div class=\"avia-image-overlay-wrap\"><img class='wp-image-1175 avia-img-lazy-loading-not-1175 avia_image ' src=\"https:\/\/www.bosal.rs\/rs\/wp-content\/uploads\/2017\/06\/izlozbeni-salon-2017-unutra.jpg\" alt='' title=''  height=\"533\" width=\"800\"  itemprop=\"thumbnailUrl\" srcset=\"https:\/\/www.bosal.rs\/rs\/wp-content\/uploads\/2017\/06\/izlozbeni-salon-2017-unutra.jpg 800w, https:\/\/www.bosal.rs\/rs\/wp-content\/uploads\/2017\/06\/izlozbeni-salon-2017-unutra-300x200.jpg 300w, https:\/\/www.bosal.rs\/rs\/wp-content\/uploads\/2017\/06\/izlozbeni-salon-2017-unutra-768x512.jpg 768w, https:\/\/www.bosal.rs\/rs\/wp-content\/uploads\/2017\/06\/izlozbeni-salon-2017-unutra-705x470.jpg 705w, https:\/\/www.bosal.rs\/rs\/wp-content\/uploads\/2017\/06\/izlozbeni-salon-2017-unutra-450x300.jpg 450w\" sizes=\"(max-width: 800px) 100vw, 800px\" \/><\/div><\/div><\/div><\/p><\/div>\n<\/div><\/div><\/div><!-- close content main div --><\/div><\/div>\n<style type=\"text\/css\" data-created_by=\"avia_inline_auto\" id=\"style-css-av-opjk4j-56a251d63de60f78c7de11ea319fe2d3\">\n.avia-section.av-opjk4j-56a251d63de60f78c7de11ea319fe2d3{\nbackground-color:#efefef;\nbackground-image:unset;\n}\n<\/style>\n<div id='av_section_2'  class='avia-section av-opjk4j-56a251d63de60f78c7de11ea319fe2d3 main_color avia-section-default avia-no-shadow  avia-builder-el-10  el_after_av_one_half  avia-builder-el-last  avia-bg-style-scroll container_wrap sidebar_right'  ><div class='container av-section-cont-open' ><div class='template-page content  av-content-small alpha units'><div class='post-entry post-entry-type-page post-entry-1171'><div class='entry-content-wrapper clearfix'>\n\n<style type=\"text\/css\" data-created_by=\"avia_inline_auto\" id=\"style-css-av-m9oeo3-ac08eb9683f6a6c8d9a0366d04145a21\">\n.flex_column.av-m9oeo3-ac08eb9683f6a6c8d9a0366d04145a21{\n-webkit-border-radius:0px 0px 0px 0px;\n-moz-border-radius:0px 0px 0px 0px;\nborder-radius:0px 0px 0px 0px;\npadding:0px 0px 0px 0px;\n}\n<\/style>\n<div class='flex_column av-m9oeo3-ac08eb9683f6a6c8d9a0366d04145a21 av_one_third  avia-builder-el-11  el_before_av_one_third  avia-builder-el-first  first flex_column_div av-zero-column-padding '     ><p>\n<style type=\"text\/css\" data-created_by=\"avia_inline_auto\" id=\"style-css-av-l6hnmr-c67ab4c1cf6b6bcf47ee11cf5e57cdc6\">\n.av_font_icon.av-l6hnmr-c67ab4c1cf6b6bcf47ee11cf5e57cdc6 .av-icon-char{\nfont-size:45px;\nline-height:45px;\n}\n<\/style>\n<span  class='av_font_icon av-l6hnmr-c67ab4c1cf6b6bcf47ee11cf5e57cdc6 avia_animate_when_visible av-icon-style- avia-icon-pos-center av-no-color avia-icon-animate'><span class='av-icon-char' aria-hidden='true' data-av_icon='\ue842' data-av_iconfont='entypo-fontello' ><\/span><\/span><br \/>\n\n<style type=\"text\/css\" data-created_by=\"avia_inline_auto\" id=\"style-css-av-jszgoj-6937d2fa88adcc7aa6dc230aa5fd7cd7\">\n#top .hr.hr-invisible.av-jszgoj-6937d2fa88adcc7aa6dc230aa5fd7cd7{\nmargin-top:-35px;\nheight:1px;\n}\n<\/style>\n<div  class='hr av-jszgoj-6937d2fa88adcc7aa6dc230aa5fd7cd7 hr-invisible  avia-builder-el-13  el_after_av_font_icon  el_before_av_heading '><span class='hr-inner '><span class=\"hr-inner-style\"><\/span><\/span><\/div><br \/>\n\n<style type=\"text\/css\" data-created_by=\"avia_inline_auto\" id=\"style-css-av-hkoilv-78caf1d42083eed2735c2243e412ea4f\">\n#top .av-special-heading.av-hkoilv-78caf1d42083eed2735c2243e412ea4f{\npadding-bottom:10px;\nfont-size:25px;\n}\nbody .av-special-heading.av-hkoilv-78caf1d42083eed2735c2243e412ea4f .av-special-heading-tag .heading-char{\nfont-size:25px;\n}\n#top #wrap_all .av-special-heading.av-hkoilv-78caf1d42083eed2735c2243e412ea4f .av-special-heading-tag{\nfont-size:25px;\n}\n.av-special-heading.av-hkoilv-78caf1d42083eed2735c2243e412ea4f .av-subheading{\nfont-size:15px;\n}\n\n@media only screen and (min-width: 480px) and (max-width: 767px){ \n#top #wrap_all .av-special-heading.av-hkoilv-78caf1d42083eed2735c2243e412ea4f .av-special-heading-tag{\nfont-size:0.8em;\n}\n}\n\n@media only screen and (max-width: 479px){ \n#top #wrap_all .av-special-heading.av-hkoilv-78caf1d42083eed2735c2243e412ea4f .av-special-heading-tag{\nfont-size:0.8em;\n}\n}\n<\/style>\n<div  class='av-special-heading av-hkoilv-78caf1d42083eed2735c2243e412ea4f av-special-heading-h2 blockquote modern-quote modern-centered  avia-builder-el-14  el_after_av_hr  avia-builder-el-last  av-inherit-size'><h2 class='av-special-heading-tag'  itemprop=\"headline\"  >Posetite na\u0161 izlo\u017ebeni salon<\/h2><div class='av-subheading av-subheading_below'><p style=\"text-align: center;\"><a href=\"https:\/\/www.bosal.rs\/rs\/kontakt\/\"><span style=\"color: #0088cc;\">Pogledajte mapu ><\/span><\/a><\/p>\n<\/div><div class=\"special-heading-border\"><div class=\"special-heading-inner-border\"><\/div><\/div><\/div><\/p><\/div>\n<style type=\"text\/css\" data-created_by=\"avia_inline_auto\" id=\"style-css-av-1mb7w3-cf59586857bb868ce5db3c2709b079bd\">\n.flex_column.av-1mb7w3-cf59586857bb868ce5db3c2709b079bd{\n-webkit-border-radius:0px 0px 0px 0px;\n-moz-border-radius:0px 0px 0px 0px;\nborder-radius:0px 0px 0px 0px;\npadding:0px 0px 0px 0px;\n}\n<\/style>\n<div class='flex_column av-1mb7w3-cf59586857bb868ce5db3c2709b079bd av_one_third  avia-builder-el-15  el_after_av_one_third  el_before_av_one_third  flex_column_div av-zero-column-padding '     ><p>\n<style type=\"text\/css\" data-created_by=\"avia_inline_auto\" id=\"style-css-av-dojair-d7bd1fe2f490185a0d295a194968f8ec\">\n.av_font_icon.av-dojair-d7bd1fe2f490185a0d295a194968f8ec .av-icon-char{\nfont-size:45px;\nline-height:45px;\n}\n<\/style>\n<span  class='av_font_icon av-dojair-d7bd1fe2f490185a0d295a194968f8ec avia_animate_when_visible av-icon-style- avia-icon-pos-center av-no-color avia-icon-animate'><span class='av-icon-char' aria-hidden='true' data-av_icon='\ue864' data-av_iconfont='entypo-fontello' ><\/span><\/span><br \/>\n\n<style type=\"text\/css\" data-created_by=\"avia_inline_auto\" id=\"style-css-av-cjrbar-630310a3452be448461a2cdeb1329005\">\n#top .hr.hr-invisible.av-cjrbar-630310a3452be448461a2cdeb1329005{\nmargin-top:-35px;\nheight:1px;\n}\n<\/style>\n<div  class='hr av-cjrbar-630310a3452be448461a2cdeb1329005 hr-invisible  avia-builder-el-17  el_after_av_font_icon  el_before_av_heading '><span class='hr-inner '><span class=\"hr-inner-style\"><\/span><\/span><\/div><br \/>\n\n<style type=\"text\/css\" data-created_by=\"avia_inline_auto\" id=\"style-css-av-ajkxmr-8fb5a813883985ca8a7a7183c31bc694\">\n#top .av-special-heading.av-ajkxmr-8fb5a813883985ca8a7a7183c31bc694{\npadding-bottom:10px;\nfont-size:25px;\n}\nbody .av-special-heading.av-ajkxmr-8fb5a813883985ca8a7a7183c31bc694 .av-special-heading-tag .heading-char{\nfont-size:25px;\n}\n#top #wrap_all .av-special-heading.av-ajkxmr-8fb5a813883985ca8a7a7183c31bc694 .av-special-heading-tag{\nfont-size:25px;\n}\n.av-special-heading.av-ajkxmr-8fb5a813883985ca8a7a7183c31bc694 .av-subheading{\nfont-size:15px;\n}\n\n@media only screen and (min-width: 480px) and (max-width: 767px){ \n#top #wrap_all .av-special-heading.av-ajkxmr-8fb5a813883985ca8a7a7183c31bc694 .av-special-heading-tag{\nfont-size:0.8em;\n}\n}\n\n@media only screen and (max-width: 479px){ \n#top #wrap_all .av-special-heading.av-ajkxmr-8fb5a813883985ca8a7a7183c31bc694 .av-special-heading-tag{\nfont-size:0.8em;\n}\n}\n<\/style>\n<div  class='av-special-heading av-ajkxmr-8fb5a813883985ca8a7a7183c31bc694 av-special-heading-h2 blockquote modern-quote modern-centered  avia-builder-el-18  el_after_av_hr  avia-builder-el-last  av-inherit-size'><h2 class='av-special-heading-tag'  itemprop=\"headline\"  >Kako najlak\u0161e kupiti?<\/h2><div class='av-subheading av-subheading_below'><p style=\"text-align: center;\"><a href=\"https:\/\/www.bosal.rs\/rs\/kako-najlakse-kupiti-bosal-vrata\/\"><span style=\"color: #0088cc;\">Saznajte vi\u0161e ><\/span><\/a><\/p>\n<\/div><div class=\"special-heading-border\"><div class=\"special-heading-inner-border\"><\/div><\/div><\/div><\/p><\/div>\n<style type=\"text\/css\" data-created_by=\"avia_inline_auto\" id=\"style-css-av-9f4bcz-074a7cd59da63f1d8352da0fccb24a5d\">\n.flex_column.av-9f4bcz-074a7cd59da63f1d8352da0fccb24a5d{\n-webkit-border-radius:0px 0px 0px 0px;\n-moz-border-radius:0px 0px 0px 0px;\nborder-radius:0px 0px 0px 0px;\npadding:0px 0px 0px 0px;\n}\n<\/style>\n<div class='flex_column av-9f4bcz-074a7cd59da63f1d8352da0fccb24a5d av_one_third  avia-builder-el-19  el_after_av_one_third  el_before_av_hr  flex_column_div av-zero-column-padding '     ><p>\n<style type=\"text\/css\" data-created_by=\"avia_inline_auto\" id=\"style-css-av-6wkpoj-f0fc9ee8a7543b333c0e41e7c2209007\">\n.av_font_icon.av-6wkpoj-f0fc9ee8a7543b333c0e41e7c2209007 .av-icon-char{\nfont-size:45px;\nline-height:45px;\n}\n<\/style>\n<span  class='av_font_icon av-6wkpoj-f0fc9ee8a7543b333c0e41e7c2209007 avia_animate_when_visible av-icon-style- avia-icon-pos-center av-no-color avia-icon-animate'><span class='av-icon-char' aria-hidden='true' data-av_icon='\ue8cf' data-av_iconfont='entypo-fontello' ><\/span><\/span><br \/>\n\n<style type=\"text\/css\" data-created_by=\"avia_inline_auto\" id=\"style-css-av-5sbdr7-2be0d47e6913b66272b561c2cd8ed084\">\n#top .hr.hr-invisible.av-5sbdr7-2be0d47e6913b66272b561c2cd8ed084{\nmargin-top:-35px;\nheight:1px;\n}\n<\/style>\n<div  class='hr av-5sbdr7-2be0d47e6913b66272b561c2cd8ed084 hr-invisible  avia-builder-el-21  el_after_av_font_icon  el_before_av_heading '><span class='hr-inner '><span class=\"hr-inner-style\"><\/span><\/span><\/div><br \/>\n\n<style type=\"text\/css\" data-created_by=\"avia_inline_auto\" id=\"style-css-av-3jbkmb-6061a254f887ab2831f48202b4784b55\">\n#top .av-special-heading.av-3jbkmb-6061a254f887ab2831f48202b4784b55{\npadding-bottom:10px;\nfont-size:25px;\n}\nbody .av-special-heading.av-3jbkmb-6061a254f887ab2831f48202b4784b55 .av-special-heading-tag .heading-char{\nfont-size:25px;\n}\n#top #wrap_all .av-special-heading.av-3jbkmb-6061a254f887ab2831f48202b4784b55 .av-special-heading-tag{\nfont-size:25px;\n}\n.av-special-heading.av-3jbkmb-6061a254f887ab2831f48202b4784b55 .av-subheading{\nfont-size:15px;\n}\n\n@media only screen and (min-width: 480px) and (max-width: 767px){ \n#top #wrap_all .av-special-heading.av-3jbkmb-6061a254f887ab2831f48202b4784b55 .av-special-heading-tag{\nfont-size:0.8em;\n}\n}\n\n@media only screen and (max-width: 479px){ \n#top #wrap_all .av-special-heading.av-3jbkmb-6061a254f887ab2831f48202b4784b55 .av-special-heading-tag{\nfont-size:0.8em;\n}\n}\n<\/style>\n<div  class='av-special-heading av-3jbkmb-6061a254f887ab2831f48202b4784b55 av-special-heading-h2 blockquote modern-quote modern-centered  avia-builder-el-22  el_after_av_hr  avia-builder-el-last  av-inherit-size'><h2 class='av-special-heading-tag'  itemprop=\"headline\"  >Odlo\u017eeno pla\u0107anje<\/h2><div class='av-subheading av-subheading_below'><p style=\"text-align: center;\"><a href=\"https:\/\/www.bosal.rs\/rs\/odlozeno-placanje\/\"><span style=\"color: #0088cc;\">Saznajte vi\u0161e ><\/span><\/a><\/p>\n<\/div><div class=\"special-heading-border\"><div class=\"special-heading-inner-border\"><\/div><\/div><\/div><\/p><\/div>\n<style type=\"text\/css\" data-created_by=\"avia_inline_auto\" id=\"style-css-av-29gjw3-1187f727c2c597e90787eaed6b436dd5\">\n#top .hr.hr-invisible.av-29gjw3-1187f727c2c597e90787eaed6b436dd5{\nheight:60px;\n}\n<\/style>\n<div  class='hr av-29gjw3-1187f727c2c597e90787eaed6b436dd5 hr-invisible  avia-builder-el-23  el_after_av_one_third  avia-builder-el-last '><span class='hr-inner '><span class=\"hr-inner-style\"><\/span><\/span><\/div>\n<\/div><\/div><\/div><!-- close content main div --><\/div><\/div><div id='after_section_2'  class='main_color av_default_container_wrap container_wrap sidebar_right'  ><div class='container av-section-cont-open' ><div class='template-page content  av-content-small alpha units'><div class='post-entry post-entry-type-page post-entry-1171'><div class='entry-content-wrapper clearfix'>\n","protected":false},"excerpt":{"rendered":"","protected":false},"author":1,"featured_media":0,"parent":0,"menu_order":0,"comment_status":"closed","ping_status":"closed","template":"","meta":[],"_links":{"self":[{"href":"https:\/\/www.bosal.rs\/rs\/wp-json\/wp\/v2\/pages\/1171"}],"collection":[{"href":"https:\/\/www.bosal.rs\/rs\/wp-json\/wp\/v2\/pages"}],"about":[{"href":"https:\/\/www.bosal.rs\/rs\/wp-json\/wp\/v2\/types\/page"}],"author":[{"embeddable":true,"href":"https:\/\/www.bosal.rs\/rs\/wp-json\/wp\/v2\/users\/1"}],"replies":[{"embeddable":true,"href":"https:\/\/www.bosal.rs\/rs\/wp-json\/wp\/v2\/comments?post=1171"}],"version-history":[{"count":10,"href":"https:\/\/www.bosal.rs\/rs\/wp-json\/wp\/v2\/pages\/1171\/revisions"}],"predecessor-version":[{"id":4727,"href":"https:\/\/www.bosal.rs\/rs\/wp-json\/wp\/v2\/pages\/1171\/revisions\/4727"}],"wp:attachment":[{"href":"https:\/\/www.bosal.rs\/rs\/wp-json\/wp\/v2\/media?parent=1171"}],"curies":[{"name":"wp","href":"https:\/\/api.w.org\/{rel}","templated":true}]}}