{"id":781,"date":"2017-01-25T09:18:32","date_gmt":"2017-01-25T09:18:32","guid":{"rendered":"https:\/\/www.bosal.rs\/rs\/?page_id=781"},"modified":"2021-01-11T13:07:29","modified_gmt":"2021-01-11T13:07:29","slug":"pravna-lica","status":"publish","type":"page","link":"https:\/\/www.bosal.rs\/rs\/pravna-lica\/","title":{"rendered":"Pravna lica"},"content":{"rendered":"\n<style type=\"text\/css\" data-created_by=\"avia_inline_auto\" id=\"style-css-av-3m9rmd-86fda7f07e37950bc4969ab69f717bc2\">\n.avia-section.av-3m9rmd-86fda7f07e37950bc4969ab69f717bc2{\nbackground-repeat:no-repeat;\nbackground-image:url(https:\/\/www.bosal.rs\/rs\/wp-content\/uploads\/2017\/01\/top-baner-unutrasnje.jpg);\nbackground-position:50% 50%;\nbackground-attachment:scroll;\n}\n.avia-section.av-3m9rmd-86fda7f07e37950bc4969ab69f717bc2 .av-section-color-overlay{\nopacity:0.4;\nbackground-color:#0a0a0a;\n}\n<\/style>\n<div id='av_section_1'  class='avia-section av-3m9rmd-86fda7f07e37950bc4969ab69f717bc2 main_color avia-section-default avia-no-border-styling  avia-builder-el-0  el_before_av_one_half  avia-builder-el-first  avia-full-stretch avia-bg-style-scroll av-section-color-overlay-active av-minimum-height av-minimum-height-25  container_wrap sidebar_right'  data-section-bg-repeat='stretch' data-av_minimum_height_pc='25'><div class=\"av-section-color-overlay-wrap\"><div class=\"av-section-color-overlay\"><\/div><div class='container av-section-cont-open' ><main  role=\"main\" itemprop=\"mainContentOfPage\"  class='template-page content  av-content-small alpha units'><div class='post-entry post-entry-type-page post-entry-781'><div class='entry-content-wrapper clearfix'>\n\n<style type=\"text\/css\" data-created_by=\"avia_inline_auto\" id=\"style-css-av-3d0a7x-5802ba52db5c2943f09c58f081f28053\">\n.flex_column.av-3d0a7x-5802ba52db5c2943f09c58f081f28053{\n-webkit-border-radius:0px 0px 0px 0px;\n-moz-border-radius:0px 0px 0px 0px;\nborder-radius:0px 0px 0px 0px;\npadding:0px 0px 0px 0px;\n}\n<\/style>\n<div class='flex_column av-3d0a7x-5802ba52db5c2943f09c58f081f28053 av_one_half  avia-builder-el-1  avia-builder-el-no-sibling  first flex_column_div av-zero-column-padding '     ><style type=\"text\/css\" data-created_by=\"avia_inline_auto\" id=\"style-css-av-bdl79-fb7dcdeb4fbddb8479f59a7f619b75e2\">\n#top .av-special-heading.av-bdl79-fb7dcdeb4fbddb8479f59a7f619b75e2{\npadding-bottom:10px;\ncolor:#ffffff;\nfont-size:35px;\n}\nbody .av-special-heading.av-bdl79-fb7dcdeb4fbddb8479f59a7f619b75e2 .av-special-heading-tag .heading-char{\nfont-size:25px;\n}\n#top #wrap_all .av-special-heading.av-bdl79-fb7dcdeb4fbddb8479f59a7f619b75e2 .av-special-heading-tag{\nfont-size:35px;\n}\n.av-special-heading.av-bdl79-fb7dcdeb4fbddb8479f59a7f619b75e2 .special-heading-inner-border{\nborder-color:#ffffff;\n}\n.av-special-heading.av-bdl79-fb7dcdeb4fbddb8479f59a7f619b75e2 .av-subheading{\nfont-size:15px;\n}\n\n@media only screen and (min-width: 480px) and (max-width: 767px){ \n#top #wrap_all .av-special-heading.av-bdl79-fb7dcdeb4fbddb8479f59a7f619b75e2 .av-special-heading-tag{\nfont-size:0.8em;\n}\n}\n\n@media only screen and (max-width: 479px){ \n#top #wrap_all .av-special-heading.av-bdl79-fb7dcdeb4fbddb8479f59a7f619b75e2 .av-special-heading-tag{\nfont-size:0.8em;\n}\n}\n<\/style>\n<div  class='av-special-heading av-bdl79-fb7dcdeb4fbddb8479f59a7f619b75e2 av-special-heading-h2 custom-color-heading blockquote modern-quote  avia-builder-el-2  avia-builder-el-no-sibling  av-inherit-size'><h2 class='av-special-heading-tag'  itemprop=\"headline\"  >Pravna lica<\/h2><div class=\"special-heading-border\"><div class=\"special-heading-inner-border\"><\/div><\/div><\/div><\/div>\n<\/div><\/div><\/main><!-- close content main element --><\/div><\/div><\/div><div id='after_section_1'  class='main_color av_default_container_wrap container_wrap sidebar_right'  ><div class='container av-section-cont-open' ><div class='template-page content  av-content-small alpha units'><div class='post-entry post-entry-type-page post-entry-781'><div class='entry-content-wrapper clearfix'>\n\n<style type=\"text\/css\" data-created_by=\"avia_inline_auto\" id=\"style-css-av-b4cn1-ab8a626061995e388e22db51d7f30378\">\n.flex_column.av-b4cn1-ab8a626061995e388e22db51d7f30378{\n-webkit-border-radius:0px 0px 0px 0px;\n-moz-border-radius:0px 0px 0px 0px;\nborder-radius:0px 0px 0px 0px;\npadding:0px 0px 0px 0px;\n}\n<\/style>\n<div class='flex_column av-b4cn1-ab8a626061995e388e22db51d7f30378 av_one_half  avia-builder-el-3  el_after_av_section  el_before_av_one_half  avia-builder-el-first  first flex_column_div av-zero-column-padding '     ><style type=\"text\/css\" data-created_by=\"avia_inline_auto\" id=\"style-css-av-2u9jbp-17a83fbbcdafe139c327fc758e9d375e\">\n.avia-image-container.av-2u9jbp-17a83fbbcdafe139c327fc758e9d375e img.avia_image{\nbox-shadow:none;\n}\n.avia-image-container.av-2u9jbp-17a83fbbcdafe139c327fc758e9d375e .av-image-caption-overlay-center{\ncolor:#ffffff;\n}\n<\/style>\n<div  class='avia-image-container av-2u9jbp-17a83fbbcdafe139c327fc758e9d375e av-styling- avia-align-center  avia-builder-el-4  avia-builder-el-no-sibling '   itemprop=\"image\" itemscope=\"itemscope\" itemtype=\"https:\/\/schema.org\/ImageObject\" ><div class=\"avia-image-container-inner\"><div class=\"avia-image-overlay-wrap\"><img class='wp-image-783 avia-img-lazy-loading-not-783 avia_image ' src=\"https:\/\/www.bosal.rs\/rs\/wp-content\/uploads\/2017\/01\/pravna-lica-1.jpg\" alt='' title=''  height=\"547\" width=\"800\"  itemprop=\"thumbnailUrl\" srcset=\"https:\/\/www.bosal.rs\/rs\/wp-content\/uploads\/2017\/01\/pravna-lica-1.jpg 800w, https:\/\/www.bosal.rs\/rs\/wp-content\/uploads\/2017\/01\/pravna-lica-1-300x205.jpg 300w, https:\/\/www.bosal.rs\/rs\/wp-content\/uploads\/2017\/01\/pravna-lica-1-768x525.jpg 768w, https:\/\/www.bosal.rs\/rs\/wp-content\/uploads\/2017\/01\/pravna-lica-1-705x482.jpg 705w, https:\/\/www.bosal.rs\/rs\/wp-content\/uploads\/2017\/01\/pravna-lica-1-450x308.jpg 450w\" sizes=\"(max-width: 800px) 100vw, 800px\" \/><\/div><\/div><\/div><\/div>\n\n<style type=\"text\/css\" data-created_by=\"avia_inline_auto\" id=\"style-css-av-2r9t8l-aa9f479a6dc450f803674cecd9208e47\">\n.flex_column.av-2r9t8l-aa9f479a6dc450f803674cecd9208e47{\n-webkit-border-radius:0px 0px 0px 0px;\n-moz-border-radius:0px 0px 0px 0px;\nborder-radius:0px 0px 0px 0px;\npadding:0px 0px 0px 0px;\n}\n<\/style>\n<div class='flex_column av-2r9t8l-aa9f479a6dc450f803674cecd9208e47 av_one_half  avia-builder-el-5  el_after_av_one_half  el_before_av_section  avia-builder-el-last  flex_column_div av-zero-column-padding '     ><section  class='av_textblock_section av-2jdio5-1f2bfde5f41fc54e6a8a0a9ed2b9a918'  itemscope=\"itemscope\" itemtype=\"https:\/\/schema.org\/CreativeWork\" ><div class='avia_textblock'  itemprop=\"text\" ><p>Od 15. oktobra 2015. godine, u skladu sa izmenama zakona o porezu na dodatu vrednost (PDV) u \u010clanu 10, Stav 2, Ta\u010dka 3, kompanija BOSAL omogu\u0107ava svojim klijentima koji su pravna lica, kupovinu vrata i stolarije bez obra\u010dunavanja PDV-a.<\/p>\n<p>To zna\u010di da je cena vrata ili stolarije sa monta\u017eom manja za 20%.<\/p>\n<p>Od 01. januara 2021.godine u skladu sa izmenama zakona o porezu na dodatu vrednost (PDV) u \u010clanu 10, Stav 2, Ta\u010dka 3 kompanija Bosal omogu\u0107ava svojim klijentima koji su pravna lica, kupovinu vrata i stolarije bez obra\u010dunavanja PDV-a isklju\u010divo ako je vrednost ve\u0107a od 500.000,00 dinara (neto).<\/p>\n<p>(&#8222;Slu\u017ebeni glasnik, RS&#8220; br.159\/2020)<\/p>\n<\/div><\/section><\/div><\/div><\/div><\/div><!-- close content main div --><\/div><\/div>\n<style type=\"text\/css\" data-created_by=\"avia_inline_auto\" id=\"style-css-av-2c112d-3d0dcbd4497ebca18a91f199455d5861\">\n.avia-section.av-2c112d-3d0dcbd4497ebca18a91f199455d5861{\nbackground-color:#fafafa;\nbackground-image:unset;\n}\n<\/style>\n<div id='av_section_2'  class='avia-section av-2c112d-3d0dcbd4497ebca18a91f199455d5861 main_color avia-section-default avia-no-shadow  avia-builder-el-7  el_after_av_one_half  avia-builder-el-last  avia-bg-style-scroll container_wrap sidebar_right'  ><div class='container av-section-cont-open' ><div class='template-page content  av-content-small alpha units'><div class='post-entry post-entry-type-page post-entry-781'><div class='entry-content-wrapper clearfix'>\n\n<style type=\"text\/css\" data-created_by=\"avia_inline_auto\" id=\"style-css-av-28so0t-1ec0374d63b774c69e38d9d45f0378d0\">\n.flex_column.av-28so0t-1ec0374d63b774c69e38d9d45f0378d0{\n-webkit-border-radius:0px 0px 0px 0px;\n-moz-border-radius:0px 0px 0px 0px;\nborder-radius:0px 0px 0px 0px;\npadding:0px 0px 0px 0px;\n}\n<\/style>\n<div class='flex_column av-28so0t-1ec0374d63b774c69e38d9d45f0378d0 av_one_third  avia-builder-el-8  el_before_av_one_third  avia-builder-el-first  first flex_column_div av-zero-column-padding '     ><p>\n<style type=\"text\/css\" data-created_by=\"avia_inline_auto\" id=\"style-css-av-22aul1-a4dbfabc8d2a8516f9a1d21223a6dd79\">\n.av_font_icon.av-22aul1-a4dbfabc8d2a8516f9a1d21223a6dd79 .av-icon-char{\nfont-size:45px;\nline-height:45px;\n}\n<\/style>\n<span  class='av_font_icon av-22aul1-a4dbfabc8d2a8516f9a1d21223a6dd79 avia_animate_when_visible av-icon-style- avia-icon-pos-center av-no-color avia-icon-animate'><span class='av-icon-char' aria-hidden='true' data-av_icon='\ue842' data-av_iconfont='entypo-fontello' ><\/span><\/span><br \/>\n\n<style type=\"text\/css\" data-created_by=\"avia_inline_auto\" id=\"style-css-av-1z0wfx-d5aa9b67678c1276a5e94ddb19cc05a8\">\n#top .hr.hr-invisible.av-1z0wfx-d5aa9b67678c1276a5e94ddb19cc05a8{\nmargin-top:-35px;\nheight:1px;\n}\n<\/style>\n<div  class='hr av-1z0wfx-d5aa9b67678c1276a5e94ddb19cc05a8 hr-invisible  avia-builder-el-10  el_after_av_font_icon  el_before_av_heading '><span class='hr-inner '><span class=\"hr-inner-style\"><\/span><\/span><\/div><br \/>\n\n<style type=\"text\/css\" data-created_by=\"avia_inline_auto\" id=\"style-css-av-1oj11p-e1ff3a28616df4ead8e269f16c988292\">\n#top .av-special-heading.av-1oj11p-e1ff3a28616df4ead8e269f16c988292{\npadding-bottom:10px;\nfont-size:25px;\n}\nbody .av-special-heading.av-1oj11p-e1ff3a28616df4ead8e269f16c988292 .av-special-heading-tag .heading-char{\nfont-size:25px;\n}\n#top #wrap_all .av-special-heading.av-1oj11p-e1ff3a28616df4ead8e269f16c988292 .av-special-heading-tag{\nfont-size:25px;\n}\n.av-special-heading.av-1oj11p-e1ff3a28616df4ead8e269f16c988292 .av-subheading{\nfont-size:15px;\n}\n\n@media only screen and (min-width: 480px) and (max-width: 767px){ \n#top #wrap_all .av-special-heading.av-1oj11p-e1ff3a28616df4ead8e269f16c988292 .av-special-heading-tag{\nfont-size:0.8em;\n}\n}\n\n@media only screen and (max-width: 479px){ \n#top #wrap_all .av-special-heading.av-1oj11p-e1ff3a28616df4ead8e269f16c988292 .av-special-heading-tag{\nfont-size:0.8em;\n}\n}\n<\/style>\n<div  class='av-special-heading av-1oj11p-e1ff3a28616df4ead8e269f16c988292 av-special-heading-h2 blockquote modern-quote modern-centered  avia-builder-el-11  el_after_av_hr  avia-builder-el-last  av-inherit-size'><h2 class='av-special-heading-tag'  itemprop=\"headline\"  >Posetite na\u0161 izlo\u017ebeni salon<\/h2><div class='av-subheading av-subheading_below'><p style=\"text-align: center;\"><a href=\"https:\/\/www.bosal.rs\/rs\/kontakt\/\"><span style=\"color: #0088cc;\">Pogledajte mapu &gt;<\/span><\/a><\/p>\n<\/div><div class=\"special-heading-border\"><div class=\"special-heading-inner-border\"><\/div><\/div><\/div><\/p><\/div>\n<style type=\"text\/css\" data-created_by=\"avia_inline_auto\" id=\"style-css-av-1l1rsd-8be890f1052e26fee4061734c3a08500\">\n.flex_column.av-1l1rsd-8be890f1052e26fee4061734c3a08500{\n-webkit-border-radius:0px 0px 0px 0px;\n-moz-border-radius:0px 0px 0px 0px;\nborder-radius:0px 0px 0px 0px;\npadding:0px 0px 0px 0px;\n}\n<\/style>\n<div class='flex_column av-1l1rsd-8be890f1052e26fee4061734c3a08500 av_one_third  avia-builder-el-12  el_after_av_one_third  el_before_av_one_third  flex_column_div av-zero-column-padding '     ><p>\n<style type=\"text\/css\" data-created_by=\"avia_inline_auto\" id=\"style-css-av-1hboml-3a14c2494c8ea091f60e917640bcb176\">\n.av_font_icon.av-1hboml-3a14c2494c8ea091f60e917640bcb176 .av-icon-char{\nfont-size:45px;\nline-height:45px;\n}\n<\/style>\n<span  class='av_font_icon av-1hboml-3a14c2494c8ea091f60e917640bcb176 avia_animate_when_visible av-icon-style- avia-icon-pos-center av-no-color avia-icon-animate'><span class='av-icon-char' aria-hidden='true' data-av_icon='\ue864' data-av_iconfont='entypo-fontello' ><\/span><\/span><br \/>\n\n<style type=\"text\/css\" data-created_by=\"avia_inline_auto\" id=\"style-css-av-1b95cd-4fb0dc0672029dd3bca3476a10ac4da7\">\n#top .hr.hr-invisible.av-1b95cd-4fb0dc0672029dd3bca3476a10ac4da7{\nmargin-top:-35px;\nheight:1px;\n}\n<\/style>\n<div  class='hr av-1b95cd-4fb0dc0672029dd3bca3476a10ac4da7 hr-invisible  avia-builder-el-14  el_after_av_font_icon  el_before_av_heading '><span class='hr-inner '><span class=\"hr-inner-style\"><\/span><\/span><\/div><br \/>\n\n<style type=\"text\/css\" data-created_by=\"avia_inline_auto\" id=\"style-css-av-12e739-52c21acaf680924c351e3f3250578d91\">\n#top .av-special-heading.av-12e739-52c21acaf680924c351e3f3250578d91{\npadding-bottom:10px;\nfont-size:25px;\n}\nbody .av-special-heading.av-12e739-52c21acaf680924c351e3f3250578d91 .av-special-heading-tag .heading-char{\nfont-size:25px;\n}\n#top #wrap_all .av-special-heading.av-12e739-52c21acaf680924c351e3f3250578d91 .av-special-heading-tag{\nfont-size:25px;\n}\n.av-special-heading.av-12e739-52c21acaf680924c351e3f3250578d91 .av-subheading{\nfont-size:15px;\n}\n\n@media only screen and (min-width: 480px) and (max-width: 767px){ \n#top #wrap_all .av-special-heading.av-12e739-52c21acaf680924c351e3f3250578d91 .av-special-heading-tag{\nfont-size:0.8em;\n}\n}\n\n@media only screen and (max-width: 479px){ \n#top #wrap_all .av-special-heading.av-12e739-52c21acaf680924c351e3f3250578d91 .av-special-heading-tag{\nfont-size:0.8em;\n}\n}\n<\/style>\n<div  class='av-special-heading av-12e739-52c21acaf680924c351e3f3250578d91 av-special-heading-h2 blockquote modern-quote modern-centered  avia-builder-el-15  el_after_av_hr  avia-builder-el-last  av-inherit-size'><h2 class='av-special-heading-tag'  itemprop=\"headline\"  >Kako najlak\u0161e kupiti?<\/h2><div class='av-subheading av-subheading_below'><p style=\"text-align: center;\"><a href=\"https:\/\/www.bosal.rs\/rs\/kako-najlakse-kupiti-bosal-vrata\/\"><span style=\"color: #0088cc;\">Saznajte vi\u0161e &gt;<\/span><\/a><\/p>\n<\/div><div class=\"special-heading-border\"><div class=\"special-heading-inner-border\"><\/div><\/div><\/div><\/p><\/div>\n<style type=\"text\/css\" data-created_by=\"avia_inline_auto\" id=\"style-css-av-39a1x-1fbdd73dcbff580fa235d7bd4d5e7a5f\">\n.flex_column.av-39a1x-1fbdd73dcbff580fa235d7bd4d5e7a5f{\n-webkit-border-radius:0px 0px 0px 0px;\n-moz-border-radius:0px 0px 0px 0px;\nborder-radius:0px 0px 0px 0px;\npadding:0px 0px 0px 0px;\n}\n<\/style>\n<div class='flex_column av-39a1x-1fbdd73dcbff580fa235d7bd4d5e7a5f av_one_third  avia-builder-el-16  el_after_av_one_third  el_before_av_hr  flex_column_div av-zero-column-padding '     ><p>\n<style type=\"text\/css\" data-created_by=\"avia_inline_auto\" id=\"style-css-av-p1cwl-2739141858568c375ebb1ab440ddc55d\">\n.av_font_icon.av-p1cwl-2739141858568c375ebb1ab440ddc55d .av-icon-char{\nfont-size:45px;\nline-height:45px;\n}\n<\/style>\n<span  class='av_font_icon av-p1cwl-2739141858568c375ebb1ab440ddc55d avia_animate_when_visible av-icon-style- avia-icon-pos-center av-no-color avia-icon-animate'><span class='av-icon-char' aria-hidden='true' data-av_icon='\ue8cf' data-av_iconfont='entypo-fontello' ><\/span><\/span><br \/>\n\n<style type=\"text\/css\" data-created_by=\"avia_inline_auto\" id=\"style-css-av-mpxth-570e1d5e67c0483b0fab23d5c807a0a1\">\n#top .hr.hr-invisible.av-mpxth-570e1d5e67c0483b0fab23d5c807a0a1{\nmargin-top:-35px;\nheight:1px;\n}\n<\/style>\n<div  class='hr av-mpxth-570e1d5e67c0483b0fab23d5c807a0a1 hr-invisible  avia-builder-el-18  el_after_av_font_icon  el_before_av_heading '><span class='hr-inner '><span class=\"hr-inner-style\"><\/span><\/span><\/div><br \/>\n\n<style type=\"text\/css\" data-created_by=\"avia_inline_auto\" id=\"style-css-av-1qwhp-ae5ef883d0bba459bb63cd02e3408a5d\">\n#top .av-special-heading.av-1qwhp-ae5ef883d0bba459bb63cd02e3408a5d{\npadding-bottom:10px;\nfont-size:25px;\n}\nbody .av-special-heading.av-1qwhp-ae5ef883d0bba459bb63cd02e3408a5d .av-special-heading-tag .heading-char{\nfont-size:25px;\n}\n#top #wrap_all .av-special-heading.av-1qwhp-ae5ef883d0bba459bb63cd02e3408a5d .av-special-heading-tag{\nfont-size:25px;\n}\n.av-special-heading.av-1qwhp-ae5ef883d0bba459bb63cd02e3408a5d .av-subheading{\nfont-size:15px;\n}\n\n@media only screen and (min-width: 480px) and (max-width: 767px){ \n#top #wrap_all .av-special-heading.av-1qwhp-ae5ef883d0bba459bb63cd02e3408a5d .av-special-heading-tag{\nfont-size:0.8em;\n}\n}\n\n@media only screen and (max-width: 479px){ \n#top #wrap_all .av-special-heading.av-1qwhp-ae5ef883d0bba459bb63cd02e3408a5d .av-special-heading-tag{\nfont-size:0.8em;\n}\n}\n<\/style>\n<div  class='av-special-heading av-1qwhp-ae5ef883d0bba459bb63cd02e3408a5d av-special-heading-h2 blockquote modern-quote modern-centered  avia-builder-el-19  el_after_av_hr  avia-builder-el-last  av-inherit-size'><h2 class='av-special-heading-tag'  itemprop=\"headline\"  >Odlo\u017eeno pla\u0107anje<\/h2><div class='av-subheading av-subheading_below'><p style=\"text-align: center;\"><a href=\"https:\/\/www.bosal.rs\/rs\/odlozeno-placanje\/\"><span style=\"color: #0088cc;\">Saznajte vi\u0161e &gt;<\/span><\/a><\/p>\n<\/div><div class=\"special-heading-border\"><div class=\"special-heading-inner-border\"><\/div><\/div><\/div><\/p><\/div>\n<style type=\"text\/css\" data-created_by=\"avia_inline_auto\" id=\"style-css-av-bkxv1-0d1af9e9d1849aa8974a9e478321d89b\">\n#top .hr.hr-invisible.av-bkxv1-0d1af9e9d1849aa8974a9e478321d89b{\nheight:40px;\n}\n<\/style>\n<div  class='hr av-bkxv1-0d1af9e9d1849aa8974a9e478321d89b hr-invisible  avia-builder-el-20  el_after_av_one_third  avia-builder-el-last '><span class='hr-inner '><span class=\"hr-inner-style\"><\/span><\/span><\/div>\n<\/div><\/div><\/div><!-- close content main div --><\/div><\/div><div id='after_section_2'  class='main_color av_default_container_wrap container_wrap sidebar_right'  ><div class='container av-section-cont-open' ><div class='template-page content  av-content-small alpha units'><div class='post-entry post-entry-type-page post-entry-781'><div class='entry-content-wrapper clearfix'>\n","protected":false},"excerpt":{"rendered":"","protected":false},"author":1,"featured_media":0,"parent":0,"menu_order":0,"comment_status":"closed","ping_status":"closed","template":"","meta":[],"_links":{"self":[{"href":"https:\/\/www.bosal.rs\/rs\/wp-json\/wp\/v2\/pages\/781"}],"collection":[{"href":"https:\/\/www.bosal.rs\/rs\/wp-json\/wp\/v2\/pages"}],"about":[{"href":"https:\/\/www.bosal.rs\/rs\/wp-json\/wp\/v2\/types\/page"}],"author":[{"embeddable":true,"href":"https:\/\/www.bosal.rs\/rs\/wp-json\/wp\/v2\/users\/1"}],"replies":[{"embeddable":true,"href":"https:\/\/www.bosal.rs\/rs\/wp-json\/wp\/v2\/comments?post=781"}],"version-history":[{"count":9,"href":"https:\/\/www.bosal.rs\/rs\/wp-json\/wp\/v2\/pages\/781\/revisions"}],"predecessor-version":[{"id":3326,"href":"https:\/\/www.bosal.rs\/rs\/wp-json\/wp\/v2\/pages\/781\/revisions\/3326"}],"wp:attachment":[{"href":"https:\/\/www.bosal.rs\/rs\/wp-json\/wp\/v2\/media?parent=781"}],"curies":[{"name":"wp","href":"https:\/\/api.w.org\/{rel}","templated":true}]}}