{"id":798,"date":"2017-01-25T09:42:01","date_gmt":"2017-01-25T09:42:01","guid":{"rendered":"https:\/\/www.bosal.rs\/rs\/?page_id=798"},"modified":"2017-06-25T23:07:04","modified_gmt":"2017-06-25T23:07:04","slug":"servis-bosal-vrata","status":"publish","type":"page","link":"https:\/\/www.bosal.rs\/rs\/servis-bosal-vrata\/","title":{"rendered":"Servis BOSAL vrata"},"content":{"rendered":"\n<style type=\"text\/css\" data-created_by=\"avia_inline_auto\" id=\"style-css-av-av_section-f215250f15df6da525ea5fbc26b10ee4\">\n.avia-section.av-av_section-f215250f15df6da525ea5fbc26b10ee4{\nbackground-repeat:no-repeat;\nbackground-image:url(https:\/\/www.bosal.rs\/rs\/wp-content\/uploads\/2017\/01\/top-baner-unutrasnje.jpg);\nbackground-position:50% 50%;\nbackground-attachment:scroll;\n}\n.avia-section.av-av_section-f215250f15df6da525ea5fbc26b10ee4 .av-section-color-overlay{\nopacity:0.4;\nbackground-color:#0a0a0a;\n}\n<\/style>\n<div id='av_section_1'  class='avia-section av-av_section-f215250f15df6da525ea5fbc26b10ee4 main_color avia-section-default avia-no-border-styling  avia-builder-el-0  el_before_av_one_fifth  avia-builder-el-first  avia-full-stretch avia-bg-style-scroll av-section-color-overlay-active av-minimum-height av-minimum-height-25  container_wrap sidebar_right'  data-section-bg-repeat='stretch' data-av_minimum_height_pc='25'><div class=\"av-section-color-overlay-wrap\"><div class=\"av-section-color-overlay\"><\/div><div class='container av-section-cont-open' ><main  role=\"main\" itemprop=\"mainContentOfPage\"  class='template-page content  av-content-small alpha units'><div class='post-entry post-entry-type-page post-entry-798'><div class='entry-content-wrapper clearfix'>\n\n<style type=\"text\/css\" data-created_by=\"avia_inline_auto\" id=\"style-css-av-av_one_half-6126cab7d8fab8d08143dd2dacdf673c\">\n.flex_column.av-av_one_half-6126cab7d8fab8d08143dd2dacdf673c{\n-webkit-border-radius:0px 0px 0px 0px;\n-moz-border-radius:0px 0px 0px 0px;\nborder-radius:0px 0px 0px 0px;\npadding:0px 0px 0px 0px;\n}\n<\/style>\n<div class='flex_column av-av_one_half-6126cab7d8fab8d08143dd2dacdf673c av_one_half  avia-builder-el-1  avia-builder-el-no-sibling  first flex_column_div av-zero-column-padding '     ><style type=\"text\/css\" data-created_by=\"avia_inline_auto\" id=\"style-css-av-av_heading-21873e16d218fc540084ff06ad01024e\">\n#top .av-special-heading.av-av_heading-21873e16d218fc540084ff06ad01024e{\npadding-bottom:10px;\ncolor:#ffffff;\nfont-size:35px;\n}\nbody .av-special-heading.av-av_heading-21873e16d218fc540084ff06ad01024e .av-special-heading-tag .heading-char{\nfont-size:25px;\n}\n#top #wrap_all .av-special-heading.av-av_heading-21873e16d218fc540084ff06ad01024e .av-special-heading-tag{\nfont-size:35px;\n}\n.av-special-heading.av-av_heading-21873e16d218fc540084ff06ad01024e .special-heading-inner-border{\nborder-color:#ffffff;\n}\n.av-special-heading.av-av_heading-21873e16d218fc540084ff06ad01024e .av-subheading{\nfont-size:15px;\n}\n\n@media only screen and (min-width: 480px) and (max-width: 767px){ \n#top #wrap_all .av-special-heading.av-av_heading-21873e16d218fc540084ff06ad01024e .av-special-heading-tag{\nfont-size:0.8em;\n}\n}\n\n@media only screen and (max-width: 479px){ \n#top #wrap_all .av-special-heading.av-av_heading-21873e16d218fc540084ff06ad01024e .av-special-heading-tag{\nfont-size:0.8em;\n}\n}\n<\/style>\n<div  class='av-special-heading av-av_heading-21873e16d218fc540084ff06ad01024e av-special-heading-h2 custom-color-heading blockquote modern-quote  avia-builder-el-2  avia-builder-el-no-sibling  av-inherit-size'><h2 class='av-special-heading-tag'  itemprop=\"headline\"  >Servis BOSAL vrata<\/h2><div class=\"special-heading-border\"><div class=\"special-heading-inner-border\"><\/div><\/div><\/div><\/div>\n<\/div><\/div><\/main><!-- close content main element --><\/div><\/div><\/div><div id='after_section_1'  class='main_color av_default_container_wrap container_wrap sidebar_right'  ><div class='container av-section-cont-open' ><div class='template-page content  av-content-small alpha units'><div class='post-entry post-entry-type-page post-entry-798'><div class='entry-content-wrapper clearfix'>\n\n<style type=\"text\/css\" data-created_by=\"avia_inline_auto\" id=\"style-css-av-av_one_fifth-6126cab7d8fab8d08143dd2dacdf673c\">\n.flex_column.av-av_one_fifth-6126cab7d8fab8d08143dd2dacdf673c{\n-webkit-border-radius:0px 0px 0px 0px;\n-moz-border-radius:0px 0px 0px 0px;\nborder-radius:0px 0px 0px 0px;\npadding:0px 0px 0px 0px;\n}\n<\/style>\n<div class='flex_column av-av_one_fifth-6126cab7d8fab8d08143dd2dacdf673c av_one_fifth  avia-builder-el-3  el_after_av_section  el_before_av_three_fifth  avia-builder-el-first  first flex_column_div av-zero-column-padding '     ><\/div>\n\n<style type=\"text\/css\" data-created_by=\"avia_inline_auto\" id=\"style-css-av-av_three_fifth-0aa7055fe62c3622faec82866afbaeb2\">\n.flex_column.av-av_three_fifth-0aa7055fe62c3622faec82866afbaeb2{\n-webkit-border-radius:0px 0px 0px 0px;\n-moz-border-radius:0px 0px 0px 0px;\nborder-radius:0px 0px 0px 0px;\npadding:0px 0px 0px 0px;\n}\n<\/style>\n<div class='flex_column av-av_three_fifth-0aa7055fe62c3622faec82866afbaeb2 av_three_fifth  avia-builder-el-4  el_after_av_one_fifth  el_before_av_one_fifth  flex_column_div av-zero-column-padding '     ><p>\n<style type=\"text\/css\" data-created_by=\"avia_inline_auto\" id=\"style-css-av-av_heading-7e3ba500cdfed188dac17f17d8c8318c\">\n#top .av-special-heading.av-av_heading-7e3ba500cdfed188dac17f17d8c8318c{\npadding-bottom:10px;\n}\nbody .av-special-heading.av-av_heading-7e3ba500cdfed188dac17f17d8c8318c .av-special-heading-tag .heading-char{\nfont-size:25px;\n}\n.av-special-heading.av-av_heading-7e3ba500cdfed188dac17f17d8c8318c .av-subheading{\nfont-size:15px;\n}\n<\/style>\n<div  class='av-special-heading av-av_heading-7e3ba500cdfed188dac17f17d8c8318c av-special-heading-h3 blockquote modern-quote modern-centered  avia-builder-el-5  el_before_av_textblock  avia-builder-el-first '><h3 class='av-special-heading-tag'  itemprop=\"headline\"  >Hitne intervencije 00-24h<\/h3><div class=\"special-heading-border\"><div class=\"special-heading-inner-border\"><\/div><\/div><\/div><br \/>\n<section  class='av_textblock_section av-av_textblock-283972ea15f2e73870c23e2d6de3245d'  itemscope=\"itemscope\" itemtype=\"https:\/\/schema.org\/CreativeWork\" ><div class='avia_textblock'  itemprop=\"text\" ><p style=\"text-align: center;\">Samo za BOSAL vrata<\/p>\n<p style=\"text-align: center;\">Zaglavljivanje vrata, poku\u0161aj obijanja, gubitak klju\u010da i sli\u010dno.<\/p>\n<h3 style=\"text-align: center;\"><strong>Tel: <a href=\"tel:+381638350766\">+381 (0) 63 83 50 766<\/a><\/strong><\/h3>\n<\/div><\/section><\/p><\/div>\n<style type=\"text\/css\" data-created_by=\"avia_inline_auto\" id=\"style-css-av-av_one_fifth-0aa7055fe62c3622faec82866afbaeb2\">\n.flex_column.av-av_one_fifth-0aa7055fe62c3622faec82866afbaeb2{\n-webkit-border-radius:0px 0px 0px 0px;\n-moz-border-radius:0px 0px 0px 0px;\nborder-radius:0px 0px 0px 0px;\npadding:0px 0px 0px 0px;\n}\n<\/style>\n<div class='flex_column av-av_one_fifth-0aa7055fe62c3622faec82866afbaeb2 av_one_fifth  avia-builder-el-7  el_after_av_three_fifth  el_before_av_one_half  flex_column_div av-zero-column-padding '     ><\/div>\n\n<style type=\"text\/css\" data-created_by=\"avia_inline_auto\" id=\"style-css-av-av_one_half-6126cab7d8fab8d08143dd2dacdf673c\">\n.flex_column.av-av_one_half-6126cab7d8fab8d08143dd2dacdf673c{\n-webkit-border-radius:0px 0px 0px 0px;\n-moz-border-radius:0px 0px 0px 0px;\nborder-radius:0px 0px 0px 0px;\npadding:0px 0px 0px 0px;\n}\n<\/style>\n<div class='flex_column av-av_one_half-6126cab7d8fab8d08143dd2dacdf673c av_one_half  avia-builder-el-8  el_after_av_one_fifth  el_before_av_one_half  first flex_column_div av-zero-column-padding column-top-margin'     ><p><section  class='av_textblock_section av-av_textblock-35972167d9f102c5ddaec0c531c98b9e'  itemscope=\"itemscope\" itemtype=\"https:\/\/schema.org\/CreativeWork\" ><div class='avia_textblock'  itemprop=\"text\" ><p>Pre nego \u0161to se odlu\u010dite za kupovinu sigurnosnih vrata, obavezno se raspitajte kod prodavca o uslovima i vremenskom periodu garancije, kao i o na\u010dinu servisiranja.<\/p>\n<p>Postoji dosta razli\u010ditih tipova sigurnosnih vrata na na\u0161em tr\u017ei\u0161tu koje karakteri\u0161u zajedni\u010dke osobine, a to su izuzetno lo\u0161a tehni\u010dka re\u0161enja vezana za servisiranje vrata, odnosno brave, kao i lo\u0161a a\u017eurnost servisera, a neretko se de\u0161ava da podr\u0161ka servisa uop\u0161te i ne postoji.<\/p>\n<p>Osim uvek mogu\u0107eg kvara na bravi sigurnosnih vrata, gubitka klju\u010deva i zamene brave, postoje i druge stvari o kojima treba razmisliti pre kupovine. To su: dugotrajnost i servisiranje \u0161arki ili zamena pohabanih i o\u0161te\u0107enih delova na sigurnosnim vratima \u2013 kao \u0161to su \u0161pijunka i okov; zamena ili lakiranje drvenih panela na krilu vrata ili zamena zaptivnih guma. Ako uzmemo sve ovo u obzir, dolazimo do zaklju\u010dka da servisiranje sigurnosnih vrata igra veoma bitnu ulogu prilikom kup\u010devog odabira mesta gde \u0107e vrata kupiti. Kupac treba biti svestan da uvek postoji mogu\u0107nost bilo kakvog kvara na sigurnosnim vratima, i ba\u0161 iz tog razloga neophodna je podr\u0161ka kvalitetnog i a\u017eurnog servisa.<\/p>\n<p>Kompanija &#8222;Bosal&#8220; u svom sastavu ima zaposlen stru\u010dan kadar, koji je anga\u017eovan isklju\u010divo na poslovima servisiranja na\u0161ih sigurnosnih vrata. Na\u0161im kupcima ne mo\u017eemo obe\u0107ati da se &#8222;Bosal&#8220; sigurnosna vrata nikada ne\u0107e pokvariti, ali vam mo\u017eemo garantovati da \u0107emo svaki kvar otkloniti u najkra\u0107em mogu\u0107em roku.<\/p>\n<p>Svaki kvalitetan proizvod je potrebno odr\u017eavati kako bi zadr\u017eao svoje performanse. Zato Bosal preporu\u010duje redovan servis vrata koji se obavlja nakon prve i tre\u0107e godine kori\u0161\u0107enja. Na\u0161e vi\u0161egodi\u0161nje iskustvo sa preko 10.000 proizvedenih i ugra\u0111enih sigurnosnih vrata pokazalo je da se kvar na ulaznim vratima, po pravilu, de\u0161ava u najnezgodnijem momentu (\u017eurba na neki poslovni sastanak, odlazak na aerodrom, u \u0161kolu, ispit, ili godi\u0161nji odmor i sl.). To zna\u010di da Bosal uvo\u0111enjem redovnog servisa za krajnji cilj ima da svaki na\u0161 kupac ima vrata koja su sigurna, funkcionalna i upotrebljiva u svakom trenutku.<\/p>\n<p>Na\u0161 serviser \u0107e proveriti sve kriti\u010dne elemente na vratima: brava sa ta\u010dkama zaklju\u010davanja, kvake, \u0161pijunka, lageri na \u0161arkama, kao i zazori da li su u okviru dozvoljenih normi. Sigurnosna brava se kompletno vadi, pregleda, a njen mehanizam servisira, nakon \u010dega se vra\u0107a na svoje mesto u vrata. Pored svega ovoga na\u0161 serviser \u0107e Vas uputiti kako da najlak\u0161e i najefikasnije koristite sigurnosna vrata i time izbegnete eventualne neprilike nastale nestru\u010dnim rukovanjem.<\/p>\n<p>Posebna pogodnost je \u0161to obavljanjem redovnog servisa produ\u017eavate garantni rok Va\u0161ih sigurnosnih Bosal vrata na tri, odnosno na \u0161est godina. Bilo da su vrata u garantnom ili vangarantnom roku, u slu\u010daju hitne intervencije na\u0161 servis ne na raspolaganju 24h dnevno, 7 dana u nedelji.<\/p>\n<p>Hvala na poverenju!<\/p>\n<\/div><\/section><br \/>\n<section  class='av_textblock_section av-av_textblock-283972ea15f2e73870c23e2d6de3245d'  itemscope=\"itemscope\" itemtype=\"https:\/\/schema.org\/CreativeWork\" ><div class='avia_textblock'  itemprop=\"text\" ><p style=\"text-align: center;\">Samo za BOSAL vrata<\/p>\n<p style=\"text-align: center;\">Zaglavljivanje vrata, poku\u0161aj obijanja, gubitak klju\u010da i sli\u010dno.<\/p>\n<h3 style=\"text-align: center;\"><strong>Tel: <a href=\"tel:+381638350766\">+381 (0) 63 83 50 766<\/a><\/strong><\/h3>\n<\/div><\/section><\/p><\/div>\n<style type=\"text\/css\" data-created_by=\"avia_inline_auto\" id=\"style-css-av-av_one_half-0aa7055fe62c3622faec82866afbaeb2\">\n.flex_column.av-av_one_half-0aa7055fe62c3622faec82866afbaeb2{\n-webkit-border-radius:0px 0px 0px 0px;\n-moz-border-radius:0px 0px 0px 0px;\nborder-radius:0px 0px 0px 0px;\npadding:0px 0px 0px 0px;\n}\n<\/style>\n<div class='flex_column av-av_one_half-0aa7055fe62c3622faec82866afbaeb2 av_one_half  avia-builder-el-11  el_after_av_one_half  el_before_av_section  avia-builder-el-last  flex_column_div av-zero-column-padding column-top-margin'     ><p>\n<style type=\"text\/css\" data-created_by=\"avia_inline_auto\" id=\"style-css-av-av_image-91b16ffcf6009064ebec5550bd78dac5\">\n.avia-image-container.av-av_image-91b16ffcf6009064ebec5550bd78dac5 img.avia_image{\nbox-shadow:none;\n}\n.avia-image-container.av-av_image-91b16ffcf6009064ebec5550bd78dac5 .av-image-caption-overlay-center{\ncolor:#ffffff;\n}\n<\/style>\n<div  class='avia-image-container av-av_image-91b16ffcf6009064ebec5550bd78dac5 av-styling- avia-align-center  avia-builder-el-12  el_before_av_image  avia-builder-el-first '   itemprop=\"image\" itemscope=\"itemscope\" itemtype=\"https:\/\/schema.org\/ImageObject\" ><div class=\"avia-image-container-inner\"><div class=\"avia-image-overlay-wrap\"><img class='wp-image-594 avia-img-lazy-loading-not-594 avia_image ' src=\"https:\/\/www.bosal.rs\/rs\/wp-content\/uploads\/2016\/09\/lux-bocna-strana-3.jpg\" alt='' title=''  height=\"750\" width=\"500\"  itemprop=\"thumbnailUrl\" srcset=\"https:\/\/www.bosal.rs\/rs\/wp-content\/uploads\/2016\/09\/lux-bocna-strana-3.jpg 500w, https:\/\/www.bosal.rs\/rs\/wp-content\/uploads\/2016\/09\/lux-bocna-strana-3-200x300.jpg 200w, https:\/\/www.bosal.rs\/rs\/wp-content\/uploads\/2016\/09\/lux-bocna-strana-3-470x705.jpg 470w, https:\/\/www.bosal.rs\/rs\/wp-content\/uploads\/2016\/09\/lux-bocna-strana-3-450x675.jpg 450w\" sizes=\"(max-width: 500px) 100vw, 500px\" \/><\/div><\/div><\/div><br \/>\n\n<style type=\"text\/css\" data-created_by=\"avia_inline_auto\" id=\"style-css-av-av_image-9129f8ac2df77389421cab20d6319e73\">\n.avia-image-container.av-av_image-9129f8ac2df77389421cab20d6319e73 img.avia_image{\nbox-shadow:none;\n}\n.avia-image-container.av-av_image-9129f8ac2df77389421cab20d6319e73 .av-image-caption-overlay-center{\ncolor:#ffffff;\n}\n<\/style>\n<div  class='avia-image-container av-av_image-9129f8ac2df77389421cab20d6319e73 av-styling- avia-align-center  avia-builder-el-13  el_after_av_image  avia-builder-el-last '   itemprop=\"image\" itemscope=\"itemscope\" itemtype=\"https:\/\/schema.org\/ImageObject\" ><div class=\"avia-image-container-inner\"><div class=\"avia-image-overlay-wrap\"><img class='wp-image-537 avia-img-lazy-loading-not-537 avia_image ' src=\"https:\/\/www.bosal.rs\/rs\/wp-content\/uploads\/2016\/09\/lux-bocna-strana-2.jpg\" alt='' title=''  height=\"751\" width=\"500\"  itemprop=\"thumbnailUrl\" srcset=\"https:\/\/www.bosal.rs\/rs\/wp-content\/uploads\/2016\/09\/lux-bocna-strana-2.jpg 500w, https:\/\/www.bosal.rs\/rs\/wp-content\/uploads\/2016\/09\/lux-bocna-strana-2-200x300.jpg 200w, https:\/\/www.bosal.rs\/rs\/wp-content\/uploads\/2016\/09\/lux-bocna-strana-2-469x705.jpg 469w, https:\/\/www.bosal.rs\/rs\/wp-content\/uploads\/2016\/09\/lux-bocna-strana-2-450x676.jpg 450w\" sizes=\"(max-width: 500px) 100vw, 500px\" \/><\/div><\/div><\/div><\/p><\/div>\n<\/div><\/div><\/div><!-- close content main div --><\/div><\/div>\n<style type=\"text\/css\" data-created_by=\"avia_inline_auto\" id=\"style-css-av-av_section-d7ed9cfb94ef39f7e8fa78e589fec528\">\n.avia-section.av-av_section-d7ed9cfb94ef39f7e8fa78e589fec528{\nbackground-color:#eaeaea;\nbackground-image:unset;\n}\n<\/style>\n<div id='av_section_2'  class='avia-section av-av_section-d7ed9cfb94ef39f7e8fa78e589fec528 main_color avia-section-default avia-no-shadow  avia-builder-el-14  el_after_av_one_half  avia-builder-el-last  avia-bg-style-scroll container_wrap sidebar_right'  ><div class='container av-section-cont-open' ><div class='template-page content  av-content-small alpha units'><div class='post-entry post-entry-type-page post-entry-798'><div class='entry-content-wrapper clearfix'>\n\n<style type=\"text\/css\" data-created_by=\"avia_inline_auto\" id=\"style-css-av-av_one_third-9497bbf8bff73ea4c6992cc17fa9ec36\">\n.flex_column.av-av_one_third-9497bbf8bff73ea4c6992cc17fa9ec36{\n-webkit-border-radius:0px 0px 0px 0px;\n-moz-border-radius:0px 0px 0px 0px;\nborder-radius:0px 0px 0px 0px;\npadding:0px 0px 0px 0px;\n}\n<\/style>\n<div class='flex_column av-av_one_third-9497bbf8bff73ea4c6992cc17fa9ec36 av_one_third  avia-builder-el-15  el_before_av_one_third  avia-builder-el-first  first flex_column_div av-zero-column-padding '     ><p>\n<style type=\"text\/css\" data-created_by=\"avia_inline_auto\" id=\"style-css-av-av_font_icon-0632d9c70929bedabd31a367496c761b\">\n.av_font_icon.av-av_font_icon-0632d9c70929bedabd31a367496c761b .av-icon-char{\nfont-size:45px;\nline-height:45px;\n}\n<\/style>\n<span  class='av_font_icon av-av_font_icon-0632d9c70929bedabd31a367496c761b avia_animate_when_visible av-icon-style- avia-icon-pos-center av-no-color avia-icon-animate'><span class='av-icon-char' aria-hidden='true' data-av_icon='\ue842' data-av_iconfont='entypo-fontello' ><\/span><\/span><br \/>\n\n<style type=\"text\/css\" data-created_by=\"avia_inline_auto\" id=\"style-css-av-av_hr-b50f42fc7698cb7ea22fbdd7b056ea3e\">\n#top .hr.hr-invisible.av-av_hr-b50f42fc7698cb7ea22fbdd7b056ea3e{\nmargin-top:-35px;\nheight:1px;\n}\n<\/style>\n<div  class='hr av-av_hr-b50f42fc7698cb7ea22fbdd7b056ea3e hr-invisible  avia-builder-el-17  el_after_av_font_icon  el_before_av_heading '><span class='hr-inner '><span class=\"hr-inner-style\"><\/span><\/span><\/div><br \/>\n\n<style type=\"text\/css\" data-created_by=\"avia_inline_auto\" id=\"style-css-av-av_heading-250c5f5bd3f3aa0eda7482ecd0873bcb\">\n#top .av-special-heading.av-av_heading-250c5f5bd3f3aa0eda7482ecd0873bcb{\npadding-bottom:10px;\nfont-size:25px;\n}\nbody .av-special-heading.av-av_heading-250c5f5bd3f3aa0eda7482ecd0873bcb .av-special-heading-tag .heading-char{\nfont-size:25px;\n}\n#top #wrap_all .av-special-heading.av-av_heading-250c5f5bd3f3aa0eda7482ecd0873bcb .av-special-heading-tag{\nfont-size:25px;\n}\n.av-special-heading.av-av_heading-250c5f5bd3f3aa0eda7482ecd0873bcb .av-subheading{\nfont-size:15px;\n}\n\n@media only screen and (min-width: 480px) and (max-width: 767px){ \n#top #wrap_all .av-special-heading.av-av_heading-250c5f5bd3f3aa0eda7482ecd0873bcb .av-special-heading-tag{\nfont-size:0.8em;\n}\n}\n\n@media only screen and (max-width: 479px){ \n#top #wrap_all .av-special-heading.av-av_heading-250c5f5bd3f3aa0eda7482ecd0873bcb .av-special-heading-tag{\nfont-size:0.8em;\n}\n}\n<\/style>\n<div  class='av-special-heading av-av_heading-250c5f5bd3f3aa0eda7482ecd0873bcb av-special-heading-h2 blockquote modern-quote modern-centered  avia-builder-el-18  el_after_av_hr  avia-builder-el-last  av-inherit-size'><h2 class='av-special-heading-tag'  itemprop=\"headline\"  >Posetite na\u0161 izlo\u017ebeni salon<\/h2><div class='av-subheading av-subheading_below'><p style=\"text-align: center;\"><a href=\"https:\/\/www.bosal.rs\/rs\/kontakt\/\"><span style=\"color: #0088cc;\">Pogledajte mapu &gt;<\/span><\/a><\/p>\n<\/div><div class=\"special-heading-border\"><div class=\"special-heading-inner-border\"><\/div><\/div><\/div><\/p><\/div>\n<style type=\"text\/css\" data-created_by=\"avia_inline_auto\" id=\"style-css-av-av_one_third-9c1d454dc06f7247226bc4e8f931daae\">\n.flex_column.av-av_one_third-9c1d454dc06f7247226bc4e8f931daae{\n-webkit-border-radius:0px 0px 0px 0px;\n-moz-border-radius:0px 0px 0px 0px;\nborder-radius:0px 0px 0px 0px;\npadding:0px 0px 0px 0px;\n}\n<\/style>\n<div class='flex_column av-av_one_third-9c1d454dc06f7247226bc4e8f931daae av_one_third  avia-builder-el-19  el_after_av_one_third  el_before_av_one_third  flex_column_div av-zero-column-padding '     ><p>\n<style type=\"text\/css\" data-created_by=\"avia_inline_auto\" id=\"style-css-av-av_font_icon-c82428e149ce78cbe3d23bc840ff1c72\">\n.av_font_icon.av-av_font_icon-c82428e149ce78cbe3d23bc840ff1c72 .av-icon-char{\nfont-size:45px;\nline-height:45px;\n}\n<\/style>\n<span  class='av_font_icon av-av_font_icon-c82428e149ce78cbe3d23bc840ff1c72 avia_animate_when_visible av-icon-style- avia-icon-pos-center av-no-color avia-icon-animate'><span class='av-icon-char' aria-hidden='true' data-av_icon='\ue864' data-av_iconfont='entypo-fontello' ><\/span><\/span><br \/>\n\n<style type=\"text\/css\" data-created_by=\"avia_inline_auto\" id=\"style-css-av-av_hr-b50f42fc7698cb7ea22fbdd7b056ea3e\">\n#top .hr.hr-invisible.av-av_hr-b50f42fc7698cb7ea22fbdd7b056ea3e{\nmargin-top:-35px;\nheight:1px;\n}\n<\/style>\n<div  class='hr av-av_hr-b50f42fc7698cb7ea22fbdd7b056ea3e hr-invisible  avia-builder-el-21  el_after_av_font_icon  el_before_av_heading '><span class='hr-inner '><span class=\"hr-inner-style\"><\/span><\/span><\/div><br \/>\n\n<style type=\"text\/css\" data-created_by=\"avia_inline_auto\" id=\"style-css-av-av_heading-96dbfbe6c95723c1b553c173ff30d130\">\n#top .av-special-heading.av-av_heading-96dbfbe6c95723c1b553c173ff30d130{\npadding-bottom:10px;\nfont-size:25px;\n}\nbody .av-special-heading.av-av_heading-96dbfbe6c95723c1b553c173ff30d130 .av-special-heading-tag .heading-char{\nfont-size:25px;\n}\n#top #wrap_all .av-special-heading.av-av_heading-96dbfbe6c95723c1b553c173ff30d130 .av-special-heading-tag{\nfont-size:25px;\n}\n.av-special-heading.av-av_heading-96dbfbe6c95723c1b553c173ff30d130 .av-subheading{\nfont-size:15px;\n}\n\n@media only screen and (min-width: 480px) and (max-width: 767px){ \n#top #wrap_all .av-special-heading.av-av_heading-96dbfbe6c95723c1b553c173ff30d130 .av-special-heading-tag{\nfont-size:0.8em;\n}\n}\n\n@media only screen and (max-width: 479px){ \n#top #wrap_all .av-special-heading.av-av_heading-96dbfbe6c95723c1b553c173ff30d130 .av-special-heading-tag{\nfont-size:0.8em;\n}\n}\n<\/style>\n<div  class='av-special-heading av-av_heading-96dbfbe6c95723c1b553c173ff30d130 av-special-heading-h2 blockquote modern-quote modern-centered  avia-builder-el-22  el_after_av_hr  avia-builder-el-last  av-inherit-size'><h2 class='av-special-heading-tag'  itemprop=\"headline\"  >Kako najlak\u0161e kupiti?<\/h2><div class='av-subheading av-subheading_below'><p style=\"text-align: center;\"><a href=\"https:\/\/www.bosal.rs\/rs\/kako-najlakse-kupiti-bosal-vrata\/\"><span style=\"color: #0088cc;\">Saznajte vi\u0161e &gt;<\/span><\/a><\/p>\n<\/div><div class=\"special-heading-border\"><div class=\"special-heading-inner-border\"><\/div><\/div><\/div><\/p><\/div>\n<style type=\"text\/css\" data-created_by=\"avia_inline_auto\" id=\"style-css-av-av_one_third-9c1d454dc06f7247226bc4e8f931daae\">\n.flex_column.av-av_one_third-9c1d454dc06f7247226bc4e8f931daae{\n-webkit-border-radius:0px 0px 0px 0px;\n-moz-border-radius:0px 0px 0px 0px;\nborder-radius:0px 0px 0px 0px;\npadding:0px 0px 0px 0px;\n}\n<\/style>\n<div class='flex_column av-av_one_third-9c1d454dc06f7247226bc4e8f931daae av_one_third  avia-builder-el-23  el_after_av_one_third  el_before_av_hr  flex_column_div av-zero-column-padding '     ><p>\n<style type=\"text\/css\" data-created_by=\"avia_inline_auto\" id=\"style-css-av-av_font_icon-dbcef2ecda4cf8f2bb3e77cd3b736809\">\n.av_font_icon.av-av_font_icon-dbcef2ecda4cf8f2bb3e77cd3b736809 .av-icon-char{\nfont-size:45px;\nline-height:45px;\n}\n<\/style>\n<span  class='av_font_icon av-av_font_icon-dbcef2ecda4cf8f2bb3e77cd3b736809 avia_animate_when_visible av-icon-style- avia-icon-pos-center av-no-color avia-icon-animate'><span class='av-icon-char' aria-hidden='true' data-av_icon='\ue8cf' data-av_iconfont='entypo-fontello' ><\/span><\/span><br \/>\n\n<style type=\"text\/css\" data-created_by=\"avia_inline_auto\" id=\"style-css-av-av_hr-b50f42fc7698cb7ea22fbdd7b056ea3e\">\n#top .hr.hr-invisible.av-av_hr-b50f42fc7698cb7ea22fbdd7b056ea3e{\nmargin-top:-35px;\nheight:1px;\n}\n<\/style>\n<div  class='hr av-av_hr-b50f42fc7698cb7ea22fbdd7b056ea3e hr-invisible  avia-builder-el-25  el_after_av_font_icon  el_before_av_heading '><span class='hr-inner '><span class=\"hr-inner-style\"><\/span><\/span><\/div><br \/>\n\n<style type=\"text\/css\" data-created_by=\"avia_inline_auto\" id=\"style-css-av-av_heading-adedbf8c947f2df686343bd5574e5856\">\n#top .av-special-heading.av-av_heading-adedbf8c947f2df686343bd5574e5856{\npadding-bottom:10px;\nfont-size:25px;\n}\nbody .av-special-heading.av-av_heading-adedbf8c947f2df686343bd5574e5856 .av-special-heading-tag .heading-char{\nfont-size:25px;\n}\n#top #wrap_all .av-special-heading.av-av_heading-adedbf8c947f2df686343bd5574e5856 .av-special-heading-tag{\nfont-size:25px;\n}\n.av-special-heading.av-av_heading-adedbf8c947f2df686343bd5574e5856 .av-subheading{\nfont-size:15px;\n}\n\n@media only screen and (min-width: 480px) and (max-width: 767px){ \n#top #wrap_all .av-special-heading.av-av_heading-adedbf8c947f2df686343bd5574e5856 .av-special-heading-tag{\nfont-size:0.8em;\n}\n}\n\n@media only screen and (max-width: 479px){ \n#top #wrap_all .av-special-heading.av-av_heading-adedbf8c947f2df686343bd5574e5856 .av-special-heading-tag{\nfont-size:0.8em;\n}\n}\n<\/style>\n<div  class='av-special-heading av-av_heading-adedbf8c947f2df686343bd5574e5856 av-special-heading-h2 blockquote modern-quote modern-centered  avia-builder-el-26  el_after_av_hr  avia-builder-el-last  av-inherit-size'><h2 class='av-special-heading-tag'  itemprop=\"headline\"  >Odlo\u017eeno pla\u0107anje<\/h2><div class='av-subheading av-subheading_below'><p style=\"text-align: center;\"><a href=\"https:\/\/www.bosal.rs\/rs\/odlozeno-placanje\/\"><span style=\"color: #0088cc;\">Saznajte vi\u0161e &gt;<\/span><\/a><\/p>\n<\/div><div class=\"special-heading-border\"><div class=\"special-heading-inner-border\"><\/div><\/div><\/div><\/p><\/div>\n<style type=\"text\/css\" data-created_by=\"avia_inline_auto\" id=\"style-css-av-av_hr-82badf901ce3dea894b5eb42b395baab\">\n#top .hr.hr-invisible.av-av_hr-82badf901ce3dea894b5eb42b395baab{\nheight:60px;\n}\n<\/style>\n<div  class='hr av-av_hr-82badf901ce3dea894b5eb42b395baab hr-invisible  avia-builder-el-27  el_after_av_one_third  avia-builder-el-last '><span class='hr-inner '><span class=\"hr-inner-style\"><\/span><\/span><\/div>\n<\/div><\/div><\/div><!-- close content main div --><\/div><\/div><div id='after_section_2'  class='main_color av_default_container_wrap container_wrap sidebar_right'  ><div class='container av-section-cont-open' ><div class='template-page content  av-content-small alpha units'><div class='post-entry post-entry-type-page post-entry-798'><div class='entry-content-wrapper clearfix'>\n","protected":false},"excerpt":{"rendered":"","protected":false},"author":1,"featured_media":0,"parent":0,"menu_order":0,"comment_status":"closed","ping_status":"closed","template":"","meta":[],"_links":{"self":[{"href":"https:\/\/www.bosal.rs\/rs\/wp-json\/wp\/v2\/pages\/798"}],"collection":[{"href":"https:\/\/www.bosal.rs\/rs\/wp-json\/wp\/v2\/pages"}],"about":[{"href":"https:\/\/www.bosal.rs\/rs\/wp-json\/wp\/v2\/types\/page"}],"author":[{"embeddable":true,"href":"https:\/\/www.bosal.rs\/rs\/wp-json\/wp\/v2\/users\/1"}],"replies":[{"embeddable":true,"href":"https:\/\/www.bosal.rs\/rs\/wp-json\/wp\/v2\/comments?post=798"}],"version-history":[{"count":10,"href":"https:\/\/www.bosal.rs\/rs\/wp-json\/wp\/v2\/pages\/798\/revisions"}],"predecessor-version":[{"id":1263,"href":"https:\/\/www.bosal.rs\/rs\/wp-json\/wp\/v2\/pages\/798\/revisions\/1263"}],"wp:attachment":[{"href":"https:\/\/www.bosal.rs\/rs\/wp-json\/wp\/v2\/media?parent=798"}],"curies":[{"name":"wp","href":"https:\/\/api.w.org\/{rel}","templated":true}]}}