{"id":867,"date":"2017-03-22T02:41:11","date_gmt":"2017-03-22T02:41:11","guid":{"rendered":"https:\/\/www.bosal.rs\/rs\/?page_id=867"},"modified":"2023-05-09T09:03:07","modified_gmt":"2023-05-09T08:03:07","slug":"odlozeno-placanje","status":"publish","type":"page","link":"https:\/\/www.bosal.rs\/rs\/odlozeno-placanje\/","title":{"rendered":"Odlo\u017eeno pla\u0107anje"},"content":{"rendered":"\n<style type=\"text\/css\" data-created_by=\"avia_inline_auto\" id=\"style-css-av-7al9sr-72b985586f7678b84393b60809d47936\">\n.avia-section.av-7al9sr-72b985586f7678b84393b60809d47936{\nbackground-repeat:no-repeat;\nbackground-image:url(https:\/\/www.bosal.rs\/rs\/wp-content\/uploads\/2017\/01\/top-baner-unutrasnje.jpg);\nbackground-position:50% 50%;\nbackground-attachment:scroll;\n}\n.avia-section.av-7al9sr-72b985586f7678b84393b60809d47936 .av-section-color-overlay{\nopacity:0.4;\nbackground-color:#0a0a0a;\n}\n<\/style>\n<div id='av_section_1'  class='avia-section av-7al9sr-72b985586f7678b84393b60809d47936 main_color avia-section-default avia-no-border-styling  avia-builder-el-0  el_before_av_three_fifth  avia-builder-el-first  avia-full-stretch avia-bg-style-scroll av-section-color-overlay-active av-minimum-height av-minimum-height-25  container_wrap sidebar_right'  data-section-bg-repeat='stretch' data-av_minimum_height_pc='25'><div class=\"av-section-color-overlay-wrap\"><div class=\"av-section-color-overlay\"><\/div><div class='container av-section-cont-open' ><main  role=\"main\" itemprop=\"mainContentOfPage\"  class='template-page content  av-content-small alpha units'><div class='post-entry post-entry-type-page post-entry-867'><div class='entry-content-wrapper clearfix'>\n\n<style type=\"text\/css\" data-created_by=\"avia_inline_auto\" id=\"style-css-av-759lc3-d3b6568689499c210822ddb7a4b0e926\">\n.flex_column.av-759lc3-d3b6568689499c210822ddb7a4b0e926{\n-webkit-border-radius:0px 0px 0px 0px;\n-moz-border-radius:0px 0px 0px 0px;\nborder-radius:0px 0px 0px 0px;\npadding:0px 0px 0px 0px;\n}\n<\/style>\n<div class='flex_column av-759lc3-d3b6568689499c210822ddb7a4b0e926 av_one_half  avia-builder-el-1  avia-builder-el-no-sibling  first flex_column_div av-zero-column-padding '     ><style type=\"text\/css\" data-created_by=\"avia_inline_auto\" id=\"style-css-av-70a7rv-11b844e9b7c64a53daa8f38507b37dc4\">\n#top .av-special-heading.av-70a7rv-11b844e9b7c64a53daa8f38507b37dc4{\npadding-bottom:10px;\ncolor:#ffffff;\nfont-size:35px;\n}\nbody .av-special-heading.av-70a7rv-11b844e9b7c64a53daa8f38507b37dc4 .av-special-heading-tag .heading-char{\nfont-size:25px;\n}\n#top #wrap_all .av-special-heading.av-70a7rv-11b844e9b7c64a53daa8f38507b37dc4 .av-special-heading-tag{\nfont-size:35px;\n}\n.av-special-heading.av-70a7rv-11b844e9b7c64a53daa8f38507b37dc4 .special-heading-inner-border{\nborder-color:#ffffff;\n}\n.av-special-heading.av-70a7rv-11b844e9b7c64a53daa8f38507b37dc4 .av-subheading{\nfont-size:15px;\n}\n\n@media only screen and (min-width: 480px) and (max-width: 767px){ \n#top #wrap_all .av-special-heading.av-70a7rv-11b844e9b7c64a53daa8f38507b37dc4 .av-special-heading-tag{\nfont-size:0.8em;\n}\n}\n\n@media only screen and (max-width: 479px){ \n#top #wrap_all .av-special-heading.av-70a7rv-11b844e9b7c64a53daa8f38507b37dc4 .av-special-heading-tag{\nfont-size:0.8em;\n}\n}\n<\/style>\n<div  class='av-special-heading av-70a7rv-11b844e9b7c64a53daa8f38507b37dc4 av-special-heading-h2 custom-color-heading blockquote modern-quote  avia-builder-el-2  avia-builder-el-no-sibling  av-inherit-size'><h2 class='av-special-heading-tag'  itemprop=\"headline\"  >Odlo\u017eeno pla\u0107anje<\/h2><div class=\"special-heading-border\"><div class=\"special-heading-inner-border\"><\/div><\/div><\/div><\/div>\n<\/div><\/div><\/main><!-- close content main element --><\/div><\/div><\/div><div id='after_section_1'  class='main_color av_default_container_wrap container_wrap sidebar_right'  ><div class='container av-section-cont-open' ><div class='template-page content  av-content-small alpha units'><div class='post-entry post-entry-type-page post-entry-867'><div class='entry-content-wrapper clearfix'>\n\n<style type=\"text\/css\" data-created_by=\"avia_inline_auto\" id=\"style-css-av-6vsexf-943c3735f25291b5dc428e055411e533\">\n.flex_column.av-6vsexf-943c3735f25291b5dc428e055411e533{\n-webkit-border-radius:0px 0px 0px 0px;\n-moz-border-radius:0px 0px 0px 0px;\nborder-radius:0px 0px 0px 0px;\npadding:0px 0px 0px 0px;\n}\n<\/style>\n<div class='flex_column av-6vsexf-943c3735f25291b5dc428e055411e533 av_three_fifth  avia-builder-el-3  el_after_av_section  el_before_av_one_third  avia-builder-el-first  first flex_column_div av-zero-column-padding '     ><section  class='av_textblock_section av-6q437v-ceef2dda91b8fd219d48fc1667ecba2e'  itemscope=\"itemscope\" itemtype=\"https:\/\/schema.org\/CreativeWork\" ><div class='avia_textblock'  itemprop=\"text\" ><p>U saradnji sa vode\u0107im poslovnim bankama omogu\u0107avamo vam da svoj \u017eivotni i poslovni prostor obezbedite na\u0161im sigurnosnim i enterijerskim vratima kao i ALU\/PVC stolarijom, a sve tro\u0161kove podelite na broj mese\u010dnih rata koji vam najvi\u0161e odgovara.<\/p>\n<\/div><\/section><\/div>\n\n<style type=\"text\/css\" data-created_by=\"avia_inline_auto\" id=\"style-css-av-6hdojn-efe90be06178915a901c18235ea208a0\">\n.flex_column.av-6hdojn-efe90be06178915a901c18235ea208a0{\n-webkit-border-radius:0px 0px 0px 0px;\n-moz-border-radius:0px 0px 0px 0px;\nborder-radius:0px 0px 0px 0px;\npadding:0px 0px 0px 0px;\n}\n<\/style>\n<div class='flex_column av-6hdojn-efe90be06178915a901c18235ea208a0 av_one_third  avia-builder-el-5  el_after_av_three_fifth  el_before_av_hr  flex_column_div av-zero-column-padding '     ><\/div>\n\n<style type=\"text\/css\" data-created_by=\"avia_inline_auto\" id=\"style-css-av-mv4m3-c0f02ac583e098a5895fa1bb46d3a138\">\n#top .hr.av-mv4m3-c0f02ac583e098a5895fa1bb46d3a138{\nmargin-top:30px;\nmargin-bottom:30px;\n}\n.hr.av-mv4m3-c0f02ac583e098a5895fa1bb46d3a138 .hr-inner{\nwidth:50%;\nborder-color:#b02b2c;\n}\n<\/style>\n<div  class='hr av-mv4m3-c0f02ac583e098a5895fa1bb46d3a138 hr-custom  avia-builder-el-6  el_after_av_one_third  el_before_av_three_fifth  hr-left hr-icon-no'><span class='hr-inner inner-border-av-border-fat'><span class=\"hr-inner-style\"><\/span><\/span><\/div>\n\n<style type=\"text\/css\" data-created_by=\"avia_inline_auto\" id=\"style-css-av-66pbcr-a6591f955372832cf0588074da811039\">\n.flex_column.av-66pbcr-a6591f955372832cf0588074da811039{\n-webkit-border-radius:0px 0px 0px 0px;\n-moz-border-radius:0px 0px 0px 0px;\nborder-radius:0px 0px 0px 0px;\npadding:0px 0px 0px 0px;\n}\n<\/style>\n<div class='flex_column av-66pbcr-a6591f955372832cf0588074da811039 av_three_fifth  avia-builder-el-7  el_after_av_hr  el_before_av_two_fifth  first flex_column_div av-zero-column-padding '     ><p>\n<style type=\"text\/css\" data-created_by=\"avia_inline_auto\" id=\"style-css-av-740pv-6b4560a17e4d5b643fc5cdd46d2d321c\">\n#top .av-special-heading.av-740pv-6b4560a17e4d5b643fc5cdd46d2d321c{\npadding-bottom:10px;\n}\nbody .av-special-heading.av-740pv-6b4560a17e4d5b643fc5cdd46d2d321c .av-special-heading-tag .heading-char{\nfont-size:25px;\n}\n.av-special-heading.av-740pv-6b4560a17e4d5b643fc5cdd46d2d321c .av-subheading{\nfont-size:15px;\n}\n<\/style>\n<div  class='av-special-heading av-740pv-6b4560a17e4d5b643fc5cdd46d2d321c av-special-heading-h3 blockquote modern-quote  avia-builder-el-8  el_before_av_textblock  avia-builder-el-first '><h3 class='av-special-heading-tag'  itemprop=\"headline\"  >BANCA INTESA &#8211; PLA\u0106ANJE NA 6 RATA BEZ KAMATE<\/h3><div class=\"special-heading-border\"><div class=\"special-heading-inner-border\"><\/div><\/div><\/div><br \/>\n<section  class='av_textblock_section av-kywlf-5b79128bf6aeb9ae316034819d3ce705'  itemscope=\"itemscope\" itemtype=\"https:\/\/schema.org\/CreativeWork\" ><div class='avia_textblock'  itemprop=\"text\" ><p>Kreditne kartice INTESA banke iz programa MasterCard i VISA omogu\u0107avaju Vam beskamatno pla\u0107anje na vi\u0161e jednakih mese\u010dnih rata.<\/p>\n<p>Sigurnosna vrata <strong>Classic mo\u017eete kupiti na 3 mese\u010dne rate<\/strong> bez kamate, dok su <strong>Standard i LUX vrata dostupna i na 6 mese\u010dnih rata<\/strong>.<\/p>\n<p><strong>Uslovi Intesa banke za svoje korisnike su:<\/strong><\/p>\n<ul>\n<li>Kreditni limit na Va\u0161oj kartici se, odmah po obavljenoj transakciji, umanjuje za ukupan iznos.<\/li>\n<li>Za Master Card i Visa kreditne kartice, rate dospevaju na pla\u0107anje 10. u mesecu<\/li>\n<li>Na Va\u0161em mese\u010dnom ra\u010dunu za kreditnu karticu bi\u0107e prikazan iznos rate koja je dospela na pla\u0107anje, a u opisnom delu ozna\u010deno je koja rata je u pitanju.<\/li>\n<\/ul>\n<\/div><\/section><\/p><\/div>\n\n<style type=\"text\/css\" data-created_by=\"avia_inline_auto\" id=\"style-css-av-5re04r-5a085111a19387606b82e7d7ebc12558\">\n.flex_column.av-5re04r-5a085111a19387606b82e7d7ebc12558{\n-webkit-border-radius:0px 0px 0px 0px;\n-moz-border-radius:0px 0px 0px 0px;\nborder-radius:0px 0px 0px 0px;\npadding:0px 0px 0px 0px;\n}\n<\/style>\n<div class='flex_column av-5re04r-5a085111a19387606b82e7d7ebc12558 av_two_fifth  avia-builder-el-10  el_after_av_three_fifth  el_before_av_hr  flex_column_div av-zero-column-padding '     ><p>\n<style type=\"text\/css\" data-created_by=\"avia_inline_auto\" id=\"style-css-av-5kz917-e4b09810d633724c55b0ceb3f8affbe1\">\n#top .hr.hr-invisible.av-5kz917-e4b09810d633724c55b0ceb3f8affbe1{\nheight:50px;\n}\n<\/style>\n<div  class='hr av-5kz917-e4b09810d633724c55b0ceb3f8affbe1 hr-invisible  avia-builder-el-11  el_before_av_image  avia-builder-el-first '><span class='hr-inner '><span class=\"hr-inner-style\"><\/span><\/span><\/div><br \/>\n\n<style type=\"text\/css\" data-created_by=\"avia_inline_auto\" id=\"style-css-av-5fw1cr-00e6f8b55ab4997bb98129c02c7975c3\">\n.avia-image-container.av-5fw1cr-00e6f8b55ab4997bb98129c02c7975c3 img.avia_image{\nbox-shadow:none;\n}\n.avia-image-container.av-5fw1cr-00e6f8b55ab4997bb98129c02c7975c3 .av-image-caption-overlay-center{\ncolor:#ffffff;\n}\n<\/style>\n<div  class='avia-image-container av-5fw1cr-00e6f8b55ab4997bb98129c02c7975c3 av-styling-no-styling avia-align-center  avia-builder-el-12  el_after_av_hr  avia-builder-el-last '   itemprop=\"image\" itemscope=\"itemscope\" itemtype=\"https:\/\/schema.org\/ImageObject\" ><div class=\"avia-image-container-inner\"><div class=\"avia-image-overlay-wrap\"><img class='wp-image-878 avia-img-lazy-loading-not-878 avia_image ' src=\"https:\/\/www.bosal.rs\/rs\/wp-content\/uploads\/2017\/03\/nacin-placanja-banca-intesa.jpg\" alt='' title=''  height=\"206\" width=\"252\"  itemprop=\"thumbnailUrl\"  \/><\/div><\/div><\/div><\/p><\/div>\n\n<style type=\"text\/css\" data-created_by=\"avia_inline_auto\" id=\"style-css-av-58uxgz-0bd1f5a4de846d07a3939dde3b6e798d\">\n#top .hr.av-58uxgz-0bd1f5a4de846d07a3939dde3b6e798d{\nmargin-top:30px;\nmargin-bottom:30px;\n}\n.hr.av-58uxgz-0bd1f5a4de846d07a3939dde3b6e798d .hr-inner{\nwidth:50%;\nborder-color:#b02b2c;\n}\n<\/style>\n<div  class='hr av-58uxgz-0bd1f5a4de846d07a3939dde3b6e798d hr-custom  avia-builder-el-13  el_after_av_two_fifth  el_before_av_three_fifth  hr-left hr-icon-no'><span class='hr-inner inner-border-av-border-fat'><span class=\"hr-inner-style\"><\/span><\/span><\/div>\n\n<style type=\"text\/css\" data-created_by=\"avia_inline_auto\" id=\"style-css-av-503a1n-fb11613fa69c39d4743dcbb7a4d43ea6\">\n.flex_column.av-503a1n-fb11613fa69c39d4743dcbb7a4d43ea6{\n-webkit-border-radius:0px 0px 0px 0px;\n-moz-border-radius:0px 0px 0px 0px;\nborder-radius:0px 0px 0px 0px;\npadding:0px 0px 0px 0px;\n}\n<\/style>\n<div class='flex_column av-503a1n-fb11613fa69c39d4743dcbb7a4d43ea6 av_three_fifth  avia-builder-el-14  el_after_av_hr  el_before_av_two_fifth  first flex_column_div av-zero-column-padding '     ><p>\n<style type=\"text\/css\" data-created_by=\"avia_inline_auto\" id=\"style-css-av-4wto8z-db6a6504c35158876dca4aeba599493c\">\n#top .av-special-heading.av-4wto8z-db6a6504c35158876dca4aeba599493c{\npadding-bottom:10px;\n}\nbody .av-special-heading.av-4wto8z-db6a6504c35158876dca4aeba599493c .av-special-heading-tag .heading-char{\nfont-size:25px;\n}\n.av-special-heading.av-4wto8z-db6a6504c35158876dca4aeba599493c .av-subheading{\nfont-size:15px;\n}\n<\/style>\n<div  class='av-special-heading av-4wto8z-db6a6504c35158876dca4aeba599493c av-special-heading-h3 blockquote modern-quote  avia-builder-el-15  el_before_av_textblock  avia-builder-el-first '><h3 class='av-special-heading-tag'  itemprop=\"headline\"  >KOMERCIJALNA BANKA &#8211; PLA\u0106ANJE NA RATE BEZ KAMATE<\/h3><div class=\"special-heading-border\"><div class=\"special-heading-inner-border\"><\/div><\/div><\/div><br \/>\n<section  class='av_textblock_section av-4qz4rv-cc6e3d04cc7a1addb83ede4bb9d1e59c'  itemscope=\"itemscope\" itemtype=\"https:\/\/schema.org\/CreativeWork\" ><div class='avia_textblock'  itemprop=\"text\" ><p>Korisnicima kreditnih kartica Komercijalne banke omogu\u0107avamo beskamatnu kupovinu BOSAL sigurnosnih i sobnih vrata na vi\u0161e jednakih mese\u010dnih rata.<\/p>\n<p>Sigurnosna vrata <strong>Classic mo\u017eete kupiti na 3 mese\u010dne rate<\/strong> bez kamate, dok su <strong>Standard i Lux vrata dostupna i na 6 mese\u010dnih rata.<\/strong><\/p>\n<ul>\n<li>Prema uslovima Komercijalne banke transakcija se deli na jednaki broj rata.<\/li>\n<li>Prva rata dospeva na naplatu odmah ili uz slede\u0107i mese\u010dni izvod, zavisno od vrste kreditne kartice.<\/li>\n<li>Sve slede\u0107e rate dospevaju u narednim mesecima u zavisnosti od broja rata i u potpunosti su oslobo\u0111ene od kamate.<\/li>\n<\/ul>\n<\/div><\/section><\/p><\/div>\n\n<style type=\"text\/css\" data-created_by=\"avia_inline_auto\" id=\"style-css-av-4ksdhf-98cf915832d844a664681f5147011ec0\">\n.flex_column.av-4ksdhf-98cf915832d844a664681f5147011ec0{\n-webkit-border-radius:0px 0px 0px 0px;\n-moz-border-radius:0px 0px 0px 0px;\nborder-radius:0px 0px 0px 0px;\npadding:0px 0px 0px 0px;\n}\n<\/style>\n<div class='flex_column av-4ksdhf-98cf915832d844a664681f5147011ec0 av_two_fifth  avia-builder-el-17  el_after_av_three_fifth  el_before_av_hr  flex_column_div av-zero-column-padding '     ><p>\n<style type=\"text\/css\" data-created_by=\"avia_inline_auto\" id=\"style-css-av-4er59n-c69ae9b3e76d720e02aa9d05357c9606\">\n#top .hr.hr-invisible.av-4er59n-c69ae9b3e76d720e02aa9d05357c9606{\nheight:50px;\n}\n<\/style>\n<div  class='hr av-4er59n-c69ae9b3e76d720e02aa9d05357c9606 hr-invisible  avia-builder-el-18  el_before_av_image  avia-builder-el-first '><span class='hr-inner '><span class=\"hr-inner-style\"><\/span><\/span><\/div><br \/>\n\n<style type=\"text\/css\" data-created_by=\"avia_inline_auto\" id=\"style-css-av-f9sc3-2f5bbe87d9f153331a2c1e778bb633e1\">\n.avia-image-container.av-f9sc3-2f5bbe87d9f153331a2c1e778bb633e1 img.avia_image{\nbox-shadow:none;\n}\n.avia-image-container.av-f9sc3-2f5bbe87d9f153331a2c1e778bb633e1 .av-image-caption-overlay-center{\ncolor:#ffffff;\n}\n<\/style>\n<div  class='avia-image-container av-f9sc3-2f5bbe87d9f153331a2c1e778bb633e1 av-styling-no-styling avia-align-center  avia-builder-el-19  el_after_av_hr  avia-builder-el-last '   itemprop=\"image\" itemscope=\"itemscope\" itemtype=\"https:\/\/schema.org\/ImageObject\" ><div class=\"avia-image-container-inner\"><div class=\"avia-image-overlay-wrap\"><img class='wp-image-881 avia-img-lazy-loading-not-881 avia_image ' src=\"https:\/\/www.bosal.rs\/rs\/wp-content\/uploads\/2017\/03\/nacin-placanja-komercijalna-banka.jpg\" alt='' title=''  height=\"206\" width=\"252\"  itemprop=\"thumbnailUrl\"  \/><\/div><\/div><\/div><\/p><\/div>\n\n<style type=\"text\/css\" data-created_by=\"avia_inline_auto\" id=\"style-css-av-1ypoyj-eb59a23fa0b515e94a776465c6d4e3d9\">\n#top .hr.av-1ypoyj-eb59a23fa0b515e94a776465c6d4e3d9{\nmargin-top:30px;\nmargin-bottom:30px;\n}\n.hr.av-1ypoyj-eb59a23fa0b515e94a776465c6d4e3d9 .hr-inner{\nwidth:50%;\nborder-color:#b02b2c;\n}\n<\/style>\n<div  class='hr av-1ypoyj-eb59a23fa0b515e94a776465c6d4e3d9 hr-custom  avia-builder-el-20  el_after_av_two_fifth  el_before_av_section  avia-builder-el-last  hr-left hr-icon-no'><span class='hr-inner inner-border-av-border-fat'><span class=\"hr-inner-style\"><\/span><\/span><\/div>\n<\/div><\/div><\/div><!-- close content main div --><\/div><\/div>\n<style type=\"text\/css\" data-created_by=\"avia_inline_auto\" id=\"style-css-av-1sdn2z-cb7cacdd54a8cc45a5ce61145af7fe49\">\n.avia-section.av-1sdn2z-cb7cacdd54a8cc45a5ce61145af7fe49{\nbackground-color:#fafafa;\nbackground-image:unset;\n}\n<\/style>\n<div id='av_section_2'  class='avia-section av-1sdn2z-cb7cacdd54a8cc45a5ce61145af7fe49 main_color avia-section-default avia-no-border-styling  avia-builder-el-21  el_after_av_hr  avia-builder-el-last  avia-bg-style-scroll container_wrap sidebar_right'  ><div class='container av-section-cont-open' ><div class='template-page content  av-content-small alpha units'><div class='post-entry post-entry-type-page post-entry-867'><div class='entry-content-wrapper clearfix'>\n\n<style type=\"text\/css\" data-created_by=\"avia_inline_auto\" id=\"style-css-av-1jzk2z-1ba2b794de33b2055d93780d4e4a8395\">\n.flex_column.av-1jzk2z-1ba2b794de33b2055d93780d4e4a8395{\n-webkit-border-radius:0px 0px 0px 0px;\n-moz-border-radius:0px 0px 0px 0px;\nborder-radius:0px 0px 0px 0px;\npadding:0px 0px 0px 0px;\n}\n<\/style>\n<div class='flex_column av-1jzk2z-1ba2b794de33b2055d93780d4e4a8395 av_one_half  avia-builder-el-22  el_before_av_one_half  avia-builder-el-first  first flex_column_div av-zero-column-padding '     ><p>\n<style type=\"text\/css\" data-created_by=\"avia_inline_auto\" id=\"style-css-av-1g29nv-c481f5b8f2353fe9984daba42e35ac41\">\n.av_font_icon.av-1g29nv-c481f5b8f2353fe9984daba42e35ac41 .av-icon-char{\nfont-size:45px;\nline-height:45px;\n}\n<\/style>\n<span  class='av_font_icon av-1g29nv-c481f5b8f2353fe9984daba42e35ac41 avia_animate_when_visible av-icon-style- avia-icon-pos-center av-no-color avia-icon-animate'><span class='av-icon-char' aria-hidden='true' data-av_icon='\ue842' data-av_iconfont='entypo-fontello' ><\/span><\/span><br \/>\n\n<style type=\"text\/css\" data-created_by=\"avia_inline_auto\" id=\"style-css-av-192c7v-0ce00d3cf38f9adcfdfcb305929b9c92\">\n#top .hr.hr-invisible.av-192c7v-0ce00d3cf38f9adcfdfcb305929b9c92{\nmargin-top:-35px;\nheight:1px;\n}\n<\/style>\n<div  class='hr av-192c7v-0ce00d3cf38f9adcfdfcb305929b9c92 hr-invisible  avia-builder-el-24  el_after_av_font_icon  el_before_av_heading '><span class='hr-inner '><span class=\"hr-inner-style\"><\/span><\/span><\/div><br \/>\n\n<style type=\"text\/css\" data-created_by=\"avia_inline_auto\" id=\"style-css-av-14irbv-88ba96ca9a20e97aabf2a1d8a90d2a20\">\n#top .av-special-heading.av-14irbv-88ba96ca9a20e97aabf2a1d8a90d2a20{\npadding-bottom:10px;\nfont-size:25px;\n}\nbody .av-special-heading.av-14irbv-88ba96ca9a20e97aabf2a1d8a90d2a20 .av-special-heading-tag .heading-char{\nfont-size:25px;\n}\n#top #wrap_all .av-special-heading.av-14irbv-88ba96ca9a20e97aabf2a1d8a90d2a20 .av-special-heading-tag{\nfont-size:25px;\n}\n.av-special-heading.av-14irbv-88ba96ca9a20e97aabf2a1d8a90d2a20 .av-subheading{\nfont-size:15px;\n}\n\n@media only screen and (min-width: 480px) and (max-width: 767px){ \n#top #wrap_all .av-special-heading.av-14irbv-88ba96ca9a20e97aabf2a1d8a90d2a20 .av-special-heading-tag{\nfont-size:0.8em;\n}\n}\n\n@media only screen and (max-width: 479px){ \n#top #wrap_all .av-special-heading.av-14irbv-88ba96ca9a20e97aabf2a1d8a90d2a20 .av-special-heading-tag{\nfont-size:0.8em;\n}\n}\n<\/style>\n<div  class='av-special-heading av-14irbv-88ba96ca9a20e97aabf2a1d8a90d2a20 av-special-heading-h2 blockquote modern-quote modern-centered  avia-builder-el-25  el_after_av_hr  avia-builder-el-last  av-inherit-size'><h2 class='av-special-heading-tag'  itemprop=\"headline\"  >Posetite na\u0161 izlo\u017ebeni salon<\/h2><div class='av-subheading av-subheading_below'><p style=\"text-align: center;\"><a href=\"https:\/\/www.bosal.rs\/rs\/kontakt\/\"><span style=\"color: #0088cc;\">Pogledajte mapu ><\/span><\/a><\/p>\n<\/div><div class=\"special-heading-border\"><div class=\"special-heading-inner-border\"><\/div><\/div><\/div><\/p><\/div>\n<style type=\"text\/css\" data-created_by=\"avia_inline_auto\" id=\"style-css-av-xlf8z-e2218ed028629fbb619e07dc3ec7e5ed\">\n.flex_column.av-xlf8z-e2218ed028629fbb619e07dc3ec7e5ed{\n-webkit-border-radius:0px 0px 0px 0px;\n-moz-border-radius:0px 0px 0px 0px;\nborder-radius:0px 0px 0px 0px;\npadding:0px 0px 0px 0px;\n}\n<\/style>\n<div class='flex_column av-xlf8z-e2218ed028629fbb619e07dc3ec7e5ed av_one_half  avia-builder-el-26  el_after_av_one_half  el_before_av_hr  flex_column_div av-zero-column-padding '     ><p>\n<style type=\"text\/css\" data-created_by=\"avia_inline_auto\" id=\"style-css-av-sdzkb-fb15167d0bea47079affb50b65281036\">\n.av_font_icon.av-sdzkb-fb15167d0bea47079affb50b65281036 .av-icon-char{\nfont-size:45px;\nline-height:45px;\n}\n<\/style>\n<span  class='av_font_icon av-sdzkb-fb15167d0bea47079affb50b65281036 avia_animate_when_visible av-icon-style- avia-icon-pos-center av-no-color avia-icon-animate'><span class='av-icon-char' aria-hidden='true' data-av_icon='\ue864' data-av_iconfont='entypo-fontello' ><\/span><\/span><br \/>\n\n<style type=\"text\/css\" data-created_by=\"avia_inline_auto\" id=\"style-css-av-ivvz7-1993fbccac46853a992fe38e1834dbd3\">\n#top .hr.hr-invisible.av-ivvz7-1993fbccac46853a992fe38e1834dbd3{\nmargin-top:-35px;\nheight:1px;\n}\n<\/style>\n<div  class='hr av-ivvz7-1993fbccac46853a992fe38e1834dbd3 hr-invisible  avia-builder-el-28  el_after_av_font_icon  el_before_av_heading '><span class='hr-inner '><span class=\"hr-inner-style\"><\/span><\/span><\/div><br \/>\n\n<style type=\"text\/css\" data-created_by=\"avia_inline_auto\" id=\"style-css-av-ft5v7-5386ce58bd355e4d43fe3269927b5a40\">\n#top .av-special-heading.av-ft5v7-5386ce58bd355e4d43fe3269927b5a40{\npadding-bottom:10px;\nfont-size:25px;\n}\nbody .av-special-heading.av-ft5v7-5386ce58bd355e4d43fe3269927b5a40 .av-special-heading-tag .heading-char{\nfont-size:25px;\n}\n#top #wrap_all .av-special-heading.av-ft5v7-5386ce58bd355e4d43fe3269927b5a40 .av-special-heading-tag{\nfont-size:25px;\n}\n.av-special-heading.av-ft5v7-5386ce58bd355e4d43fe3269927b5a40 .av-subheading{\nfont-size:15px;\n}\n\n@media only screen and (min-width: 480px) and (max-width: 767px){ \n#top #wrap_all .av-special-heading.av-ft5v7-5386ce58bd355e4d43fe3269927b5a40 .av-special-heading-tag{\nfont-size:0.8em;\n}\n}\n\n@media only screen and (max-width: 479px){ \n#top #wrap_all .av-special-heading.av-ft5v7-5386ce58bd355e4d43fe3269927b5a40 .av-special-heading-tag{\nfont-size:0.8em;\n}\n}\n<\/style>\n<div  class='av-special-heading av-ft5v7-5386ce58bd355e4d43fe3269927b5a40 av-special-heading-h2 blockquote modern-quote modern-centered  avia-builder-el-29  el_after_av_hr  avia-builder-el-last  av-inherit-size'><h2 class='av-special-heading-tag'  itemprop=\"headline\"  >Kako najlak\u0161e kupiti?<\/h2><div class='av-subheading av-subheading_below'><p style=\"text-align: center;\"><a href=\"https:\/\/www.bosal.rs\/rs\/kako-najlakse-kupiti-bosal-vrata\/\"><span style=\"color: #0088cc;\">Saznajte vi\u0161e ><\/span><\/a><\/p>\n<\/div><div class=\"special-heading-border\"><div class=\"special-heading-inner-border\"><\/div><\/div><\/div><\/p><\/div>\n<style type=\"text\/css\" data-created_by=\"avia_inline_auto\" id=\"style-css-av-8pva3-2f91381d7f3720701525fb0dbbf4e324\">\n#top .hr.hr-invisible.av-8pva3-2f91381d7f3720701525fb0dbbf4e324{\nheight:60px;\n}\n<\/style>\n<div  class='hr av-8pva3-2f91381d7f3720701525fb0dbbf4e324 hr-invisible  avia-builder-el-30  el_after_av_one_half  avia-builder-el-last '><span class='hr-inner '><span class=\"hr-inner-style\"><\/span><\/span><\/div>\n<\/div><\/div><\/div><!-- close content main div --><\/div><\/div><div id='after_section_2'  class='main_color av_default_container_wrap container_wrap sidebar_right'  ><div class='container av-section-cont-open' ><div class='template-page content  av-content-small alpha units'><div class='post-entry post-entry-type-page post-entry-867'><div class='entry-content-wrapper clearfix'>\n","protected":false},"excerpt":{"rendered":"","protected":false},"author":1,"featured_media":0,"parent":0,"menu_order":0,"comment_status":"closed","ping_status":"closed","template":"","meta":[],"_links":{"self":[{"href":"https:\/\/www.bosal.rs\/rs\/wp-json\/wp\/v2\/pages\/867"}],"collection":[{"href":"https:\/\/www.bosal.rs\/rs\/wp-json\/wp\/v2\/pages"}],"about":[{"href":"https:\/\/www.bosal.rs\/rs\/wp-json\/wp\/v2\/types\/page"}],"author":[{"embeddable":true,"href":"https:\/\/www.bosal.rs\/rs\/wp-json\/wp\/v2\/users\/1"}],"replies":[{"embeddable":true,"href":"https:\/\/www.bosal.rs\/rs\/wp-json\/wp\/v2\/comments?post=867"}],"version-history":[{"count":21,"href":"https:\/\/www.bosal.rs\/rs\/wp-json\/wp\/v2\/pages\/867\/revisions"}],"predecessor-version":[{"id":3935,"href":"https:\/\/www.bosal.rs\/rs\/wp-json\/wp\/v2\/pages\/867\/revisions\/3935"}],"wp:attachment":[{"href":"https:\/\/www.bosal.rs\/rs\/wp-json\/wp\/v2\/media?parent=867"}],"curies":[{"name":"wp","href":"https:\/\/api.w.org\/{rel}","templated":true}]}}